{"id":134,"date":"2024-10-25T11:07:10","date_gmt":"2024-10-25T11:07:10","guid":{"rendered":"https:\/\/dummy.xtemos.com\/woodmart2\/makeup-elementor\/?post_type=product&#038;p=134"},"modified":"2026-03-11T23:50:40","modified_gmt":"2026-03-11T23:50:40","slug":"frizz-dismiss-shampoo","status":"publish","type":"product","link":"https:\/\/tema6.depodanmusteriye.com\/index.php\/urun\/frizz-dismiss-shampoo\/","title":{"rendered":"Redken Frizz Dismiss \u2013 Elektriklenme Kar\u015f\u0131t\u0131 ve P\u00fcr\u00fczs\u00fczle\u015ftirici \u015eampuan"},"content":{"rendered":"\t\t<div data-elementor-type=\"wp-post\" data-elementor-id=\"134\" class=\"elementor elementor-134\">\n\t\t\t\t<div class=\"wd-negative-gap elementor-element elementor-element-14f150c e-flex e-con-boxed e-con e-parent\" data-id=\"14f150c\" data-element_type=\"container\">\n\t\t\t\t\t<div class=\"e-con-inner\">\n\t\t\t\t<div class=\"elementor-element elementor-element-ad5742c elementor-widget elementor-widget-wd_text_block\" data-id=\"ad5742c\" data-element_type=\"widget\" data-widget_type=\"wd_text_block.default\">\n\t\t\t\t<div class=\"elementor-widget-container\">\n\t\t\t\t\t\t\t<div class=\"wd-text-block reset-last-child text-left\">\n\t\t\t\n\t\t\t<p data-path-to-node=\"2\"><b data-path-to-node=\"2\" data-index-in-node=\"0\">Kontrol Alt\u0131na Al\u0131namayan Sa\u00e7lara Elveda deyin.<\/b> Redken Frizz Dismiss, asi ve elektriklenmeye meyilli sa\u00e7lar i\u00e7in \u00f6zel olarak geli\u015ftirilmi\u015f, s\u00fclfats\u0131z bir bak\u0131m \u015fampuan\u0131d\u0131r. Sa\u00e7lar\u0131n\u0131z\u0131 nazik\u00e7e temizlerken ayn\u0131 zamanda nem dengesini korur ve d\u0131\u015f etkenlere kar\u015f\u0131 bir koruma kalkan\u0131 olu\u015fturarak g\u00fcn boyu p\u00fcr\u00fczs\u00fcz bir g\u00f6r\u00fcn\u00fcm sa\u011flar.<\/p><ul data-path-to-node=\"3\"><li><p data-path-to-node=\"3,0,0\"><b data-path-to-node=\"3,0,0\" data-index-in-node=\"0\">Elektriklenme Kontrol\u00fc:<\/b> Nemli hava \u015fartlar\u0131nda bile sa\u00e7\u0131n kabarmas\u0131n\u0131 ve elektriklenmesini \u00f6nleyerek sa\u00e7\u0131n kolayca \u015fekil almas\u0131na yard\u0131mc\u0131 olur.<\/p><\/li><li><p data-path-to-node=\"3,1,0\"><b data-path-to-node=\"3,1,0\" data-index-in-node=\"0\">P\u00fcr\u00fczs\u00fczle\u015ftirici Etki:<\/b> Sa\u00e7 tellerini yumu\u015fat\u0131r ve do\u011fal bir parlakl\u0131k kazand\u0131rarak ipeksi bir dokunu\u015f sunar.<\/p><\/li><li><p data-path-to-node=\"3,2,0\"><b data-path-to-node=\"3,2,0\" data-index-in-node=\"0\">Babassu Ya\u011f\u0131 ile Zenginle\u015ftirilmi\u015f Form\u00fcl:<\/b> \u0130\u00e7eri\u011findeki Babassu ya\u011f\u0131 sayesinde sa\u00e7lar\u0131 a\u011f\u0131rla\u015ft\u0131rmadan besler ve nem hapseder.<\/p><\/li><li><p data-path-to-node=\"3,3,0\"><b data-path-to-node=\"3,3,0\" data-index-in-node=\"0\">pH Dengeli ve Nazik Temizlik:<\/b> Sa\u00e7\u0131n do\u011fal yap\u0131s\u0131na uygun pH seviyesiyle form\u00fcle edilmi\u015ftir; sa\u00e7\u0131 yormadan derinlemesine temizler.<\/p><\/li><\/ul>\n\t\t\t\t\t<\/div>\n\t\t\t\t\t\t<\/div>\n\t\t\t\t<\/div>\n\t\t\t\t\t<\/div>\n\t\t\t\t<\/div>\n\t\t\t\t<\/div>\n\t\t\n    <div class=\"xs_social_share_widget xs_share_url after_content \t\tmain_content  wslu-style-1 wslu-share-box-shaped wslu-fill-colored wslu-none wslu-share-horizontal wslu-theme-font-no wslu-main_content\">\n\n\t\t\n        <ul>\n\t\t\t        <\/ul>\n    <\/div> \n","protected":false},"excerpt":{"rendered":"<p>Kontrol Alt\u0131na Al\u0131namayan Sa\u00e7lara Elveda deyin. Redken Frizz Dismiss, asi ve elektriklenmeye meyilli sa\u00e7lar i\u00e7in \u00f6zel olarak geli\u015ftirilmi\u015f, s\u00fclfats\u0131z bir<\/p>\n","protected":false},"featured_media":151,"comment_status":"open","ping_status":"closed","template":"","meta":{"postBodyCss":"","postBodyMargin":[],"postBodyPadding":[],"postBodyBackground":{"backgroundType":"classic","gradient":""}},"product_brand":[226],"product_cat":[213,217],"product_tag":[],"class_list":{"0":"post-134","1":"product","2":"type-product","3":"status-publish","4":"has-post-thumbnail","6":"product_brand-payot","7":"product_cat-sampuanlar","8":"product_cat-yuz","10":"first","11":"instock","12":"shipping-taxable","13":"purchasable","14":"product-type-simple"},"_links":{"self":[{"href":"https:\/\/tema6.depodanmusteriye.com\/index.php\/wp-json\/wp\/v2\/product\/134","targetHints":{"allow":["GET"]}}],"collection":[{"href":"https:\/\/tema6.depodanmusteriye.com\/index.php\/wp-json\/wp\/v2\/product"}],"about":[{"href":"https:\/\/tema6.depodanmusteriye.com\/index.php\/wp-json\/wp\/v2\/types\/product"}],"replies":[{"embeddable":true,"href":"https:\/\/tema6.depodanmusteriye.com\/index.php\/wp-json\/wp\/v2\/comments?post=134"}],"version-history":[{"count":4,"href":"https:\/\/tema6.depodanmusteriye.com\/index.php\/wp-json\/wp\/v2\/product\/134\/revisions"}],"predecessor-version":[{"id":16890,"href":"https:\/\/tema6.depodanmusteriye.com\/index.php\/wp-json\/wp\/v2\/product\/134\/revisions\/16890"}],"wp:featuredmedia":[{"embeddable":true,"href":"https:\/\/tema6.depodanmusteriye.com\/index.php\/wp-json\/wp\/v2\/media\/151"}],"wp:attachment":[{"href":"https:\/\/tema6.depodanmusteriye.com\/index.php\/wp-json\/wp\/v2\/media?parent=134"}],"wp:term":[{"taxonomy":"product_brand","embeddable":true,"href":"https:\/\/tema6.depodanmusteriye.com\/index.php\/wp-json\/wp\/v2\/product_brand?post=134"},{"taxonomy":"product_cat","embeddable":true,"href":"https:\/\/tema6.depodanmusteriye.com\/index.php\/wp-json\/wp\/v2\/product_cat?post=134"},{"taxonomy":"product_tag","embeddable":true,"href":"https:\/\/tema6.depodanmusteriye.com\/index.php\/wp-json\/wp\/v2\/product_tag?post=134"}],"curies":[{"name":"wp","href":"https:\/\/api.w.org\/{rel}","templated":true}]}}