{"id":135,"date":"2024-10-25T11:07:10","date_gmt":"2024-10-25T11:07:10","guid":{"rendered":"https:\/\/dummy.xtemos.com\/woodmart2\/makeup-elementor\/?post_type=product&#038;p=135"},"modified":"2026-03-11T23:53:07","modified_gmt":"2026-03-11T23:53:07","slug":"dercos-mineral-soft-fortifying-shampoo-400ml","status":"publish","type":"product","link":"https:\/\/tema6.depodanmusteriye.com\/index.php\/urun\/dercos-mineral-soft-fortifying-shampoo-400ml\/","title":{"rendered":"Vichy Dercos Mineral Doux \u2013 G\u00fc\u00e7lendirici ve Yumu\u015fat\u0131c\u0131 Mineral \u015eampuan"},"content":{"rendered":"\t\t<div data-elementor-type=\"wp-post\" data-elementor-id=\"135\" class=\"elementor elementor-135\">\n\t\t\t\t<div class=\"wd-negative-gap elementor-element elementor-element-914ee01 e-flex e-con-boxed e-con e-parent\" data-id=\"914ee01\" data-element_type=\"container\">\n\t\t\t\t\t<div class=\"e-con-inner\">\n\t\t\t\t<div class=\"elementor-element elementor-element-91dd7aa elementor-widget elementor-widget-wd_text_block\" data-id=\"91dd7aa\" data-element_type=\"widget\" data-widget_type=\"wd_text_block.default\">\n\t\t\t\t<div class=\"elementor-widget-container\">\n\t\t\t\t\t\t\t<div class=\"wd-text-block reset-last-child text-left\">\n\t\t\t\n\t\t\t<p data-path-to-node=\"2\"><b data-path-to-node=\"2\" data-index-in-node=\"0\">T\u00fcm Aile \u0130\u00e7in Do\u011fal G\u00fc\u00e7, Mineral Ferahl\u0131\u011f\u0131.<\/b> Vichy Dercos Mineral Doux, hassas sa\u00e7 derisine sahip olanlar ve s\u0131k y\u0131kanan sa\u00e7lar i\u00e7in \u00f6zel olarak form\u00fcle edilmi\u015f, mineral bazl\u0131 bir bak\u0131m \u015fampuan\u0131d\u0131r. Vichy\u2019nin volkanik minerallerle zenginle\u015ftirilmi\u015f termal suyunu i\u00e7eren bu \u015fampuan, sa\u00e7lar\u0131 a\u011f\u0131rla\u015ft\u0131rmadan nazik\u00e7e temizler ve her y\u0131kamada daha sa\u011fl\u0131kl\u0131 bir g\u00f6r\u00fcn\u00fcm kazand\u0131r\u0131r.<\/p><ul data-path-to-node=\"3\"><li><p data-path-to-node=\"3,0,0\"><b data-path-to-node=\"3,0,0\" data-index-in-node=\"0\">Nadir Minerallerin G\u00fcc\u00fc:<\/b> \u0130\u00e7eri\u011findeki demir, magnezyum, manganez, silikon ve kalsiyum ile sa\u00e7 tellerini k\u00f6kten uca besler ve g\u00fc\u00e7lendirir.<\/p><\/li><li><p data-path-to-node=\"3,1,0\"><b data-path-to-node=\"3,1,0\" data-index-in-node=\"0\">Hassas ve G\u00fcvenli Form\u00fcl:<\/b> Paraben ve silikon i\u00e7ermeyen temiz yap\u0131s\u0131yla sa\u00e7 derisinin do\u011fal dengesini bozmaz; t\u00fcm aile fertleri ve her sa\u00e7 tipi i\u00e7in uygundur.<\/p><\/li><li><p data-path-to-node=\"3,2,0\"><b data-path-to-node=\"3,2,0\" data-index-in-node=\"0\">Yumu\u015fak ve Kolay Taranan Sa\u00e7lar:<\/b> Sa\u00e7lar\u0131 nazik\u00e7e ar\u0131nd\u0131r\u0131rken do\u011fal yumu\u015fakl\u0131\u011f\u0131n\u0131 korur, elektriklenmeyi \u00f6nleyerek sa\u00e7\u0131n daha kolay \u015fekil almas\u0131n\u0131 sa\u011flar.<\/p><\/li><li><p data-path-to-node=\"3,3,0\"><b data-path-to-node=\"3,3,0\" data-index-in-node=\"0\">S\u0131k Kullan\u0131m \u0130\u00e7in \u0130deal:<\/b> Hafif dokusu sayesinde g\u00fcnl\u00fck kullan\u0131ma uygundur ve sa\u00e7 derisinde ferahlat\u0131c\u0131 bir etki b\u0131rak\u0131r.<\/p><\/li><\/ul>\n\t\t\t\t\t<\/div>\n\t\t\t\t\t\t<\/div>\n\t\t\t\t<\/div>\n\t\t\t\t\t<\/div>\n\t\t\t\t<\/div>\n\t\t\t\t<\/div>\n\t\t\n    <div class=\"xs_social_share_widget xs_share_url after_content \t\tmain_content  wslu-style-1 wslu-share-box-shaped wslu-fill-colored wslu-none wslu-share-horizontal wslu-theme-font-no wslu-main_content\">\n\n\t\t\n        <ul>\n\t\t\t        <\/ul>\n    <\/div> \n","protected":false},"excerpt":{"rendered":"<p>Evidently, these ingredients combine to make your summer experience unforgettable for the right reasons, preventing sunburn, dryness, photoaging as well<\/p>\n","protected":false},"featured_media":152,"comment_status":"open","ping_status":"closed","template":"","meta":{"postBodyCss":"","postBodyMargin":[],"postBodyPadding":[],"postBodyBackground":{"backgroundType":"classic","gradient":""}},"product_brand":[223],"product_cat":[213,217],"product_tag":[],"class_list":{"0":"post-135","1":"product","2":"type-product","3":"status-publish","4":"has-post-thumbnail","6":"product_brand-caudalie","7":"product_cat-sampuanlar","8":"product_cat-yuz","10":"first","11":"instock","12":"shipping-taxable","13":"purchasable","14":"product-type-simple"},"_links":{"self":[{"href":"https:\/\/tema6.depodanmusteriye.com\/index.php\/wp-json\/wp\/v2\/product\/135","targetHints":{"allow":["GET"]}}],"collection":[{"href":"https:\/\/tema6.depodanmusteriye.com\/index.php\/wp-json\/wp\/v2\/product"}],"about":[{"href":"https:\/\/tema6.depodanmusteriye.com\/index.php\/wp-json\/wp\/v2\/types\/product"}],"replies":[{"embeddable":true,"href":"https:\/\/tema6.depodanmusteriye.com\/index.php\/wp-json\/wp\/v2\/comments?post=135"}],"version-history":[{"count":5,"href":"https:\/\/tema6.depodanmusteriye.com\/index.php\/wp-json\/wp\/v2\/product\/135\/revisions"}],"predecessor-version":[{"id":16895,"href":"https:\/\/tema6.depodanmusteriye.com\/index.php\/wp-json\/wp\/v2\/product\/135\/revisions\/16895"}],"wp:featuredmedia":[{"embeddable":true,"href":"https:\/\/tema6.depodanmusteriye.com\/index.php\/wp-json\/wp\/v2\/media\/152"}],"wp:attachment":[{"href":"https:\/\/tema6.depodanmusteriye.com\/index.php\/wp-json\/wp\/v2\/media?parent=135"}],"wp:term":[{"taxonomy":"product_brand","embeddable":true,"href":"https:\/\/tema6.depodanmusteriye.com\/index.php\/wp-json\/wp\/v2\/product_brand?post=135"},{"taxonomy":"product_cat","embeddable":true,"href":"https:\/\/tema6.depodanmusteriye.com\/index.php\/wp-json\/wp\/v2\/product_cat?post=135"},{"taxonomy":"product_tag","embeddable":true,"href":"https:\/\/tema6.depodanmusteriye.com\/index.php\/wp-json\/wp\/v2\/product_tag?post=135"}],"curies":[{"name":"wp","href":"https:\/\/api.w.org\/{rel}","templated":true}]}}