{"id":136,"date":"2024-10-25T11:07:10","date_gmt":"2024-10-25T11:07:10","guid":{"rendered":"https:\/\/dummy.xtemos.com\/woodmart2\/makeup-elementor\/?post_type=product&#038;p=136"},"modified":"2026-03-11T23:54:53","modified_gmt":"2026-03-11T23:54:53","slug":"beauty-curly-locks-hair-mask-35ml","status":"publish","type":"product","link":"https:\/\/tema6.depodanmusteriye.com\/index.php\/urun\/beauty-curly-locks-hair-mask-35ml\/","title":{"rendered":"Beauty Curly Locks Hair Mask 35ml"},"content":{"rendered":"\t\t<div data-elementor-type=\"wp-post\" data-elementor-id=\"136\" class=\"elementor elementor-136\">\n\t\t\t\t<div class=\"wd-negative-gap elementor-element elementor-element-048ace7 e-flex e-con-boxed e-con e-parent\" data-id=\"048ace7\" data-element_type=\"container\">\n\t\t\t\t\t<div class=\"e-con-inner\">\n\t\t\t\t<div class=\"elementor-element elementor-element-a18f09a elementor-widget elementor-widget-wd_text_block\" data-id=\"a18f09a\" data-element_type=\"widget\" data-widget_type=\"wd_text_block.default\">\n\t\t\t\t<div class=\"elementor-widget-container\">\n\t\t\t\t\t\t\t<div class=\"wd-text-block reset-last-child text-left\">\n\t\t\t\n\t\t\t<p data-path-to-node=\"2\"><b data-path-to-node=\"2\" data-index-in-node=\"0\">Buklelerinize Hak Etti\u011fi Esnekli\u011fi ve Parlakl\u0131\u011f\u0131 Geri Kazand\u0131r\u0131n.<\/b> Seoulista Beauty taraf\u0131ndan geli\u015ftirilen Curly Locks\u2122, \u00f6zellikle zor \u015fekil alan, kurumu\u015f ve kabar\u0131k k\u0131v\u0131rc\u0131k sa\u00e7lar i\u00e7in tasarlanm\u0131\u015f tek ad\u0131ml\u0131k bir bak\u0131m maskesidir. Sa\u00e7\u0131n\u0131z\u0131 a\u011f\u0131rla\u015ft\u0131rmadan derinlemesine besleyen bu profesyonel form\u00fcl, buklelerinizin daha belirgin, yumu\u015fak ve sa\u011fl\u0131kl\u0131 g\u00f6r\u00fcnmesini sa\u011flar.<\/p><ul data-path-to-node=\"3\"><li><p data-path-to-node=\"3,0,0\"><b data-path-to-node=\"3,0,0\" data-index-in-node=\"0\">Zengin Ya\u011f Kar\u0131\u015f\u0131m\u0131:<\/b> \u0130\u00e7eri\u011findeki argan ya\u011f\u0131 ve shea ya\u011f\u0131 sayesinde sa\u00e7 tellerini i\u00e7ten d\u0131\u015fa nemlendirir ve buklelerin do\u011fal elastikiyetini korur.<\/p><\/li><li><p data-path-to-node=\"3,1,0\"><b data-path-to-node=\"3,1,0\" data-index-in-node=\"0\">Protoplex\u2122 Teknolojisi:<\/b> Sa\u00e7\u0131n yap\u0131s\u0131n\u0131 g\u00fc\u00e7lendirerek k\u0131r\u0131lmalar\u0131 \u00f6nleyen ve sa\u00e7\u0131 yenileyen \u00f6zel bir kompleks sunar.<\/p><\/li><li><p data-path-to-node=\"3,2,0\"><b data-path-to-node=\"3,2,0\" data-index-in-node=\"0\">P\u00fcr\u00fczs\u00fcz ve Yat\u0131\u015fm\u0131\u015f Sa\u00e7lar:<\/b> Sa\u00e7 derisini ve tellerini ferahlat\u0131rken elektriklenmeyi minimuma indirir, sa\u00e7\u0131n \u00e7ok daha kolay taranmas\u0131n\u0131 sa\u011flar.<\/p><\/li><li><p data-path-to-node=\"3,3,0\"><b data-path-to-node=\"3,3,0\" data-index-in-node=\"0\">Pratik ve Hijyenik Kullan\u0131m:<\/b> Tek kullan\u0131ml\u0131k tasar\u0131m\u0131 ve seyahat dostu paketiyle, evde veya tatilde sadece birka\u00e7 dakika i\u00e7inde kuaf\u00f6r kalitesinde sonu\u00e7 alman\u0131za imkan tan\u0131r.<\/p><\/li><\/ul>\n\t\t\t\t\t<\/div>\n\t\t\t\t\t\t<\/div>\n\t\t\t\t<\/div>\n\t\t\t\t\t<\/div>\n\t\t\t\t<\/div>\n\t\t\t\t<\/div>\n\t\t\n    <div class=\"xs_social_share_widget xs_share_url after_content \t\tmain_content  wslu-style-1 wslu-share-box-shaped wslu-fill-colored wslu-none wslu-share-horizontal wslu-theme-font-no wslu-main_content\">\n\n\t\t\n        <ul>\n\t\t\t        <\/ul>\n    <\/div> \n","protected":false},"excerpt":{"rendered":"<p>Buklelerinize Hak Etti\u011fi Esnekli\u011fi ve Parlakl\u0131\u011f\u0131 Geri Kazand\u0131r\u0131n. Seoulista Beauty taraf\u0131ndan geli\u015ftirilen Curly Locks\u2122, \u00f6zellikle zor \u015fekil alan, kurumu\u015f ve<\/p>\n","protected":false},"featured_media":153,"comment_status":"open","ping_status":"closed","template":"","meta":{"postBodyCss":"","postBodyMargin":[],"postBodyPadding":[],"postBodyBackground":{"backgroundType":"classic","gradient":""}},"product_brand":[228],"product_cat":[219,210],"product_tag":[],"class_list":{"0":"post-136","1":"product","2":"type-product","3":"status-publish","4":"has-post-thumbnail","6":"product_brand-tocobo","7":"product_cat-dudaklar","8":"product_cat-sac-maskeleri","10":"first","11":"instock","12":"shipping-taxable","13":"purchasable","14":"product-type-simple"},"_links":{"self":[{"href":"https:\/\/tema6.depodanmusteriye.com\/index.php\/wp-json\/wp\/v2\/product\/136","targetHints":{"allow":["GET"]}}],"collection":[{"href":"https:\/\/tema6.depodanmusteriye.com\/index.php\/wp-json\/wp\/v2\/product"}],"about":[{"href":"https:\/\/tema6.depodanmusteriye.com\/index.php\/wp-json\/wp\/v2\/types\/product"}],"replies":[{"embeddable":true,"href":"https:\/\/tema6.depodanmusteriye.com\/index.php\/wp-json\/wp\/v2\/comments?post=136"}],"version-history":[{"count":4,"href":"https:\/\/tema6.depodanmusteriye.com\/index.php\/wp-json\/wp\/v2\/product\/136\/revisions"}],"predecessor-version":[{"id":16899,"href":"https:\/\/tema6.depodanmusteriye.com\/index.php\/wp-json\/wp\/v2\/product\/136\/revisions\/16899"}],"wp:featuredmedia":[{"embeddable":true,"href":"https:\/\/tema6.depodanmusteriye.com\/index.php\/wp-json\/wp\/v2\/media\/153"}],"wp:attachment":[{"href":"https:\/\/tema6.depodanmusteriye.com\/index.php\/wp-json\/wp\/v2\/media?parent=136"}],"wp:term":[{"taxonomy":"product_brand","embeddable":true,"href":"https:\/\/tema6.depodanmusteriye.com\/index.php\/wp-json\/wp\/v2\/product_brand?post=136"},{"taxonomy":"product_cat","embeddable":true,"href":"https:\/\/tema6.depodanmusteriye.com\/index.php\/wp-json\/wp\/v2\/product_cat?post=136"},{"taxonomy":"product_tag","embeddable":true,"href":"https:\/\/tema6.depodanmusteriye.com\/index.php\/wp-json\/wp\/v2\/product_tag?post=136"}],"curies":[{"name":"wp","href":"https:\/\/api.w.org\/{rel}","templated":true}]}}