{"id":137,"date":"2024-10-25T11:07:10","date_gmt":"2024-10-25T11:07:10","guid":{"rendered":"https:\/\/dummy.xtemos.com\/woodmart2\/makeup-elementor\/?post_type=product&#038;p=137"},"modified":"2026-03-11T23:56:42","modified_gmt":"2026-03-11T23:56:42","slug":"keratin-repair-nourish-repair-conditioner-150ml","status":"publish","type":"product","link":"https:\/\/tema6.depodanmusteriye.com\/index.php\/urun\/keratin-repair-nourish-repair-conditioner-150ml\/","title":{"rendered":"Apivita Keratin Repair \u2013 Besleyici ve Onar\u0131c\u0131 Sa\u00e7 Kremi"},"content":{"rendered":"\t\t<div data-elementor-type=\"wp-post\" data-elementor-id=\"137\" class=\"elementor elementor-137\">\n\t\t\t\t<div class=\"wd-negative-gap elementor-element elementor-element-02f4417 e-flex e-con-boxed e-con e-parent\" data-id=\"02f4417\" data-element_type=\"container\">\n\t\t\t\t\t<div class=\"e-con-inner\">\n\t\t\t\t<div class=\"elementor-element elementor-element-2986e69 elementor-widget elementor-widget-wd_text_block\" data-id=\"2986e69\" data-element_type=\"widget\" data-widget_type=\"wd_text_block.default\">\n\t\t\t\t<div class=\"elementor-widget-container\">\n\t\t\t\t\t\t\t<div class=\"wd-text-block reset-last-child text-left\">\n\t\t\t\n\t\t\t<p data-path-to-node=\"2\"><b data-path-to-node=\"2\" data-index-in-node=\"0\">Do\u011fan\u0131n G\u00fcc\u00fcyle Sa\u00e7lar\u0131n\u0131za Keratin Deste\u011fi.<\/b> Apivita Keratin Repair, y\u0131pranm\u0131\u015f ve kuru sa\u00e7lar\u0131 canland\u0131rmak i\u00e7in bal ve bitkisel keratinin mucizevi birle\u015fimini sunar. Sa\u00e7 tellerini a\u011f\u0131rla\u015ft\u0131rmadan derinlemesine besleyen bu kremsi form\u00fcl, sa\u00e7\u0131n elastikiyetini art\u0131rarak k\u0131r\u0131lmalara kar\u015f\u0131 koruma sa\u011flar ve sa\u00e7lar\u0131n\u0131za do\u011fal bir parlakl\u0131k kazand\u0131r\u0131r.<\/p><ul data-path-to-node=\"3\"><li><p data-path-to-node=\"3,0,0\"><b data-path-to-node=\"3,0,0\" data-index-in-node=\"0\">Bitkisel Keratin Kompleksi:<\/b> Sa\u00e7\u0131n yap\u0131 ta\u015flar\u0131n\u0131 destekleyerek \u0131s\u0131l i\u015flem veya boya nedeniyle olu\u015fan hasarlar\u0131 onarmaya yard\u0131mc\u0131 olur.<\/p><\/li><li><p data-path-to-node=\"3,1,0\"><b data-path-to-node=\"3,1,0\" data-index-in-node=\"0\">Besleyici Bal \u0130\u00e7eri\u011fi:<\/b> Sa\u00e7\u0131 neme doyurur, yumu\u015fakl\u0131k kazand\u0131r\u0131r ve sa\u00e7 tellerinin p\u00fcr\u00fczs\u00fcz g\u00f6r\u00fcnmesini sa\u011flar.<\/p><\/li><li><p data-path-to-node=\"3,2,0\"><b data-path-to-node=\"3,2,0\" data-index-in-node=\"0\">Kolay Tarama ve Elektriklenme Kontrol\u00fc:<\/b> D\u00fc\u011f\u00fcmlenen sa\u00e7lar\u0131 an\u0131nda a\u00e7arak tarama kolayl\u0131\u011f\u0131 sa\u011flar ve g\u00fcn boyu elektriklenmeyi \u00f6nler.<\/p><\/li><li><p data-path-to-node=\"3,3,0\"><b data-path-to-node=\"3,3,0\" data-index-in-node=\"0\">Do\u011fal ve Temiz \u0130\u00e7erik:<\/b> Apivita\u2019n\u0131n holistik yakla\u015f\u0131m\u0131yla haz\u0131rlanan, sa\u00e7 sa\u011fl\u0131\u011f\u0131n\u0131 koruyan ve \u00e7evreye duyarl\u0131 i\u00e7eriklerle zenginle\u015ftirilmi\u015f form\u00fcl.<\/p><\/li><\/ul>\n\t\t\t\t\t<\/div>\n\t\t\t\t\t\t<\/div>\n\t\t\t\t<\/div>\n\t\t\t\t\t<\/div>\n\t\t\t\t<\/div>\n\t\t\t\t<\/div>\n\t\t\n    <div class=\"xs_social_share_widget xs_share_url after_content \t\tmain_content  wslu-style-1 wslu-share-box-shaped wslu-fill-colored wslu-none wslu-share-horizontal wslu-theme-font-no wslu-main_content\">\n\n\t\t\n        <ul>\n\t\t\t        <\/ul>\n    <\/div> \n","protected":false},"excerpt":{"rendered":"<p>Do\u011fan\u0131n G\u00fcc\u00fcyle Sa\u00e7lar\u0131n\u0131za Keratin Deste\u011fi. Apivita Keratin Repair, y\u0131pranm\u0131\u015f ve kuru sa\u00e7lar\u0131 canland\u0131rmak i\u00e7in bal ve bitkisel keratinin mucizevi birle\u015fimini<\/p>\n","protected":false},"featured_media":154,"comment_status":"open","ping_status":"closed","template":"","meta":{"postBodyCss":"","postBodyMargin":[],"postBodyPadding":[],"postBodyBackground":{"backgroundType":"classic","gradient":""}},"product_brand":[225],"product_cat":[218,207],"product_tag":[],"class_list":{"0":"post-137","1":"product","2":"type-product","3":"status-publish","4":"has-post-thumbnail","6":"product_brand-mizon","7":"product_cat-gozler","8":"product_cat-sac-kremleri","10":"first","11":"instock","12":"shipping-taxable","13":"purchasable","14":"product-type-simple"},"_links":{"self":[{"href":"https:\/\/tema6.depodanmusteriye.com\/index.php\/wp-json\/wp\/v2\/product\/137","targetHints":{"allow":["GET"]}}],"collection":[{"href":"https:\/\/tema6.depodanmusteriye.com\/index.php\/wp-json\/wp\/v2\/product"}],"about":[{"href":"https:\/\/tema6.depodanmusteriye.com\/index.php\/wp-json\/wp\/v2\/types\/product"}],"replies":[{"embeddable":true,"href":"https:\/\/tema6.depodanmusteriye.com\/index.php\/wp-json\/wp\/v2\/comments?post=137"}],"version-history":[{"count":4,"href":"https:\/\/tema6.depodanmusteriye.com\/index.php\/wp-json\/wp\/v2\/product\/137\/revisions"}],"predecessor-version":[{"id":16903,"href":"https:\/\/tema6.depodanmusteriye.com\/index.php\/wp-json\/wp\/v2\/product\/137\/revisions\/16903"}],"wp:featuredmedia":[{"embeddable":true,"href":"https:\/\/tema6.depodanmusteriye.com\/index.php\/wp-json\/wp\/v2\/media\/154"}],"wp:attachment":[{"href":"https:\/\/tema6.depodanmusteriye.com\/index.php\/wp-json\/wp\/v2\/media?parent=137"}],"wp:term":[{"taxonomy":"product_brand","embeddable":true,"href":"https:\/\/tema6.depodanmusteriye.com\/index.php\/wp-json\/wp\/v2\/product_brand?post=137"},{"taxonomy":"product_cat","embeddable":true,"href":"https:\/\/tema6.depodanmusteriye.com\/index.php\/wp-json\/wp\/v2\/product_cat?post=137"},{"taxonomy":"product_tag","embeddable":true,"href":"https:\/\/tema6.depodanmusteriye.com\/index.php\/wp-json\/wp\/v2\/product_tag?post=137"}],"curies":[{"name":"wp","href":"https:\/\/api.w.org\/{rel}","templated":true}]}}