{"id":138,"date":"2024-10-25T11:07:10","date_gmt":"2024-10-25T11:07:10","guid":{"rendered":"https:\/\/dummy.xtemos.com\/woodmart2\/makeup-elementor\/?post_type=product&#038;p=138"},"modified":"2026-03-12T00:00:05","modified_gmt":"2026-03-12T00:00:05","slug":"coils-curls-co-wash-100ml","status":"publish","type":"product","link":"https:\/\/tema6.depodanmusteriye.com\/index.php\/urun\/coils-curls-co-wash-100ml\/","title":{"rendered":"Maria Nila Coils &#038; Curls Co-Wash \u2013 Bukle Belirginle\u015ftirici Nazik Temizleme Kremi"},"content":{"rendered":"\t\t<div data-elementor-type=\"wp-post\" data-elementor-id=\"138\" class=\"elementor elementor-138\">\n\t\t\t\t<div class=\"wd-negative-gap elementor-element elementor-element-dfbc4e7 e-flex e-con-boxed e-con e-parent\" data-id=\"dfbc4e7\" data-element_type=\"container\">\n\t\t\t\t\t<div class=\"e-con-inner\">\n\t\t\t\t<div class=\"elementor-element elementor-element-885888b elementor-widget elementor-widget-wd_text_block\" data-id=\"885888b\" data-element_type=\"widget\" data-widget_type=\"wd_text_block.default\">\n\t\t\t\t<div class=\"elementor-widget-container\">\n\t\t\t\t\t\t\t<div class=\"wd-text-block reset-last-child text-left\">\n\t\t\t\n\t\t\t<p data-path-to-node=\"2\"><b data-path-to-node=\"2\" data-index-in-node=\"0\">Bukleleriniz \u0130\u00e7in Tek Ad\u0131mda Temizlik ve Yo\u011fun Nem.<\/b> Stockholm merkezli Maria Nila'n\u0131n Coils &amp; Curls serisinden bu \u00f6zel Co-Wash, k\u0131v\u0131rc\u0131k ve dalgal\u0131 sa\u00e7lar i\u00e7in geli\u015ftirilmi\u015f, \u015fampuan i\u00e7ermeyen bir temizleme kremidir. Sa\u00e7\u0131n do\u011fal ya\u011flar\u0131n\u0131 koruyarak nazik\u00e7e ar\u0131nd\u0131r\u0131r, d\u00fc\u011f\u00fcmleri an\u0131nda a\u00e7ar ve buklelerinize ihtiya\u00e7 duydu\u011fu derinlemesine nemi kazand\u0131rarak daha belirgin g\u00f6r\u00fcnmelerini sa\u011flar.<\/p><ul data-path-to-node=\"3\"><li><p data-path-to-node=\"3,0,0\"><b data-path-to-node=\"3,0,0\" data-index-in-node=\"0\">%100 Vegan ve Hayvan Dostu:<\/b> Maria Nila'n\u0131n s\u00fcrd\u00fcr\u00fclebilirlik vizyonuyla \u00fcretilmi\u015f, do\u011faya ve canl\u0131lara sayg\u0131l\u0131 form\u00fcl.<\/p><\/li><li><p data-path-to-node=\"3,1,0\"><b data-path-to-node=\"3,1,0\" data-index-in-node=\"0\">Bukle Art\u0131r\u0131c\u0131 \u0130\u00e7erikler:<\/b> Sa\u00e7 tellerini a\u011f\u0131rla\u015ft\u0131rmadan besleyen, buklelerin esnekli\u011fini ve parlakl\u0131\u011f\u0131n\u0131 art\u0131ran nemlendirici ajanlar i\u00e7erir.<\/p><\/li><li><p data-path-to-node=\"3,2,0\"><b data-path-to-node=\"3,2,0\" data-index-in-node=\"0\">Colour Guard Complex:<\/b> Sa\u00e7 renginizi solmaya kar\u015f\u0131 koruyan \u00f6zel kompleksi sayesinde boyal\u0131 sa\u00e7lar i\u00e7in de m\u00fckemmel bir tercihtir.<\/p><\/li><li><p data-path-to-node=\"3,3,0\"><b data-path-to-node=\"3,3,0\" data-index-in-node=\"0\">S\u00fcrd\u00fcr\u00fclebilir Ambalaj:<\/b> CO2 dengeli ve geri d\u00f6n\u00fc\u015ft\u00fcr\u00fclebilir ambalaj\u0131 ile \u00e7evre dostu bir bak\u0131m deneyimi sunar.<\/p><\/li><\/ul>\n\t\t\t\t\t<\/div>\n\t\t\t\t\t\t<\/div>\n\t\t\t\t<\/div>\n\t\t\t\t\t<\/div>\n\t\t\t\t<\/div>\n\t\t\t\t<\/div>\n\t\t\n    <div class=\"xs_social_share_widget xs_share_url after_content \t\tmain_content  wslu-style-1 wslu-share-box-shaped wslu-fill-colored wslu-none wslu-share-horizontal wslu-theme-font-no wslu-main_content\">\n\n\t\t\n        <ul>\n\t\t\t        <\/ul>\n    <\/div> \n","protected":false},"excerpt":{"rendered":"<p>Bukleleriniz \u0130\u00e7in Tek Ad\u0131mda Temizlik ve Yo\u011fun Nem. Stockholm merkezli Maria Nila&#8217;n\u0131n Coils &amp; Curls serisinden bu \u00f6zel Co-Wash, k\u0131v\u0131rc\u0131k<\/p>\n","protected":false},"featured_media":155,"comment_status":"open","ping_status":"closed","template":"","meta":{"postBodyCss":"","postBodyMargin":[],"postBodyPadding":[],"postBodyBackground":{"backgroundType":"classic","gradient":""}},"product_brand":[227],"product_cat":[218,207],"product_tag":[],"class_list":{"0":"post-138","1":"product","2":"type-product","3":"status-publish","4":"has-post-thumbnail","6":"product_brand-svr","7":"product_cat-gozler","8":"product_cat-sac-kremleri","10":"first","11":"instock","12":"shipping-taxable","13":"purchasable","14":"product-type-simple"},"_links":{"self":[{"href":"https:\/\/tema6.depodanmusteriye.com\/index.php\/wp-json\/wp\/v2\/product\/138","targetHints":{"allow":["GET"]}}],"collection":[{"href":"https:\/\/tema6.depodanmusteriye.com\/index.php\/wp-json\/wp\/v2\/product"}],"about":[{"href":"https:\/\/tema6.depodanmusteriye.com\/index.php\/wp-json\/wp\/v2\/types\/product"}],"replies":[{"embeddable":true,"href":"https:\/\/tema6.depodanmusteriye.com\/index.php\/wp-json\/wp\/v2\/comments?post=138"}],"version-history":[{"count":4,"href":"https:\/\/tema6.depodanmusteriye.com\/index.php\/wp-json\/wp\/v2\/product\/138\/revisions"}],"predecessor-version":[{"id":16907,"href":"https:\/\/tema6.depodanmusteriye.com\/index.php\/wp-json\/wp\/v2\/product\/138\/revisions\/16907"}],"wp:featuredmedia":[{"embeddable":true,"href":"https:\/\/tema6.depodanmusteriye.com\/index.php\/wp-json\/wp\/v2\/media\/155"}],"wp:attachment":[{"href":"https:\/\/tema6.depodanmusteriye.com\/index.php\/wp-json\/wp\/v2\/media?parent=138"}],"wp:term":[{"taxonomy":"product_brand","embeddable":true,"href":"https:\/\/tema6.depodanmusteriye.com\/index.php\/wp-json\/wp\/v2\/product_brand?post=138"},{"taxonomy":"product_cat","embeddable":true,"href":"https:\/\/tema6.depodanmusteriye.com\/index.php\/wp-json\/wp\/v2\/product_cat?post=138"},{"taxonomy":"product_tag","embeddable":true,"href":"https:\/\/tema6.depodanmusteriye.com\/index.php\/wp-json\/wp\/v2\/product_tag?post=138"}],"curies":[{"name":"wp","href":"https:\/\/api.w.org\/{rel}","templated":true}]}}