{"id":139,"date":"2024-10-25T11:07:10","date_gmt":"2024-10-25T11:07:10","guid":{"rendered":"https:\/\/dummy.xtemos.com\/woodmart2\/makeup-elementor\/?post_type=product&#038;p=139"},"modified":"2026-03-12T00:01:56","modified_gmt":"2026-03-12T00:01:56","slug":"clay-hair-wax","status":"publish","type":"product","link":"https:\/\/tema6.depodanmusteriye.com\/index.php\/urun\/clay-hair-wax\/","title":{"rendered":"Uppercut Deluxe Clay \u2013 G\u00fc\u00e7l\u00fc Tutu\u015f ve Mat Biti\u015fli Sa\u00e7 \u015eekillendirme Kili"},"content":{"rendered":"\t\t<div data-elementor-type=\"wp-post\" data-elementor-id=\"139\" class=\"elementor elementor-139\">\n\t\t\t\t<div class=\"wd-negative-gap elementor-element elementor-element-e1be3f7 e-flex e-con-boxed e-con e-parent\" data-id=\"e1be3f7\" data-element_type=\"container\">\n\t\t\t\t\t<div class=\"e-con-inner\">\n\t\t\t\t<div class=\"elementor-element elementor-element-f1a2390 elementor-widget elementor-widget-wd_text_block\" data-id=\"f1a2390\" data-element_type=\"widget\" data-widget_type=\"wd_text_block.default\">\n\t\t\t\t<div class=\"elementor-widget-container\">\n\t\t\t\t\t\t\t<div class=\"wd-text-block reset-last-child text-left\">\n\t\t\t\n\t\t\t<p data-path-to-node=\"2\"><b data-path-to-node=\"2\" data-index-in-node=\"0\">Zahmetsiz Tarz, Sars\u0131lmaz Kontrol.<\/b> Uppercut Deluxe Clay, g\u00fcn boyu s\u00fcren g\u00fc\u00e7l\u00fc tutu\u015fu ve do\u011fal, mat biti\u015fiyle modern erke\u011fin vazge\u00e7ilmez \u015fekillendiricisidir. Hem k\u0131sa hem de orta uzunluktaki sa\u00e7larda doku olu\u015fturmak i\u00e7in m\u00fckemmel olan bu kil bazl\u0131 form\u00fcl, sa\u00e7\u0131n\u0131z\u0131n do\u011fal g\u00f6r\u00fcn\u00fcm\u00fcn\u00fc bozmadan diledi\u011finiz \u015fekli vermenize ve koruman\u0131za olanak tan\u0131r.<\/p><ul data-path-to-node=\"3\"><li><p data-path-to-node=\"3,0,0\"><b data-path-to-node=\"3,0,0\" data-index-in-node=\"0\">G\u00fc\u00e7l\u00fc ve Esnek Tutu\u015f:<\/b> Sa\u00e7\u0131 sertle\u015ftirmeden g\u00fc\u00e7l\u00fc bir kontrol sa\u011flar; g\u00fcn i\u00e7inde sa\u00e7 stilinizi yeniden d\u00fczenlemenize imkan tan\u0131r.<\/p><\/li><li><p data-path-to-node=\"3,1,0\"><b data-path-to-node=\"3,1,0\" data-index-in-node=\"0\">Do\u011fal Mat Biti\u015f:<\/b> Parlama yapmayan \u00f6zel form\u00fcl\u00fc sayesinde sa\u00e7ta \u00fcr\u00fcn yokmu\u015f gibi do\u011fal ve temiz bir g\u00f6r\u00fcn\u00fcm yarat\u0131r.<\/p><\/li><li><p data-path-to-node=\"3,2,0\"><b data-path-to-node=\"3,2,0\" data-index-in-node=\"0\">Su Bazl\u0131 ve Kolay Ar\u0131nma:<\/b> Kil bazl\u0131 olmas\u0131na ra\u011fmen suyla kolayca etkile\u015fime girer; sa\u00e7tan tek y\u0131kamada kal\u0131nt\u0131 b\u0131rakmadan temizlenir.<\/p><\/li><li><p data-path-to-node=\"3,3,0\"><b data-path-to-node=\"3,3,0\" data-index-in-node=\"0\">Karakteristik Koku:<\/b> Uppercut'\u0131n kendine has ferah ve mask\u00fclen kokusuyla sa\u00e7 bak\u0131m rutininize prestijli bir dokunu\u015f katar.<\/p><\/li><\/ul>\n\t\t\t\t\t<\/div>\n\t\t\t\t\t\t<\/div>\n\t\t\t\t<\/div>\n\t\t\t\t\t<\/div>\n\t\t\t\t<\/div>\n\t\t\t\t<\/div>\n\t\t\n    <div class=\"xs_social_share_widget xs_share_url after_content \t\tmain_content  wslu-style-1 wslu-share-box-shaped wslu-fill-colored wslu-none wslu-share-horizontal wslu-theme-font-no wslu-main_content\">\n\n\t\t\n        <ul>\n\t\t\t        <\/ul>\n    <\/div> \n","protected":false},"excerpt":{"rendered":"<p>Zahmetsiz Tarz, Sars\u0131lmaz Kontrol. Uppercut Deluxe Clay, g\u00fcn boyu s\u00fcren g\u00fc\u00e7l\u00fc tutu\u015fu ve do\u011fal, mat biti\u015fiyle modern erke\u011fin vazge\u00e7ilmez \u015fekillendiricisidir.<\/p>\n","protected":false},"featured_media":156,"comment_status":"open","ping_status":"closed","template":"","meta":{"postBodyCss":"","postBodyMargin":[],"postBodyPadding":[],"postBodyBackground":{"backgroundType":"classic","gradient":""}},"product_brand":[224],"product_cat":[212,217],"product_tag":[],"class_list":{"0":"post-139","1":"product","2":"type-product","3":"status-publish","4":"has-post-thumbnail","6":"product_brand-cerave","7":"product_cat-stil","8":"product_cat-yuz","10":"first","11":"instock","12":"shipping-taxable","13":"purchasable","14":"product-type-simple"},"_links":{"self":[{"href":"https:\/\/tema6.depodanmusteriye.com\/index.php\/wp-json\/wp\/v2\/product\/139","targetHints":{"allow":["GET"]}}],"collection":[{"href":"https:\/\/tema6.depodanmusteriye.com\/index.php\/wp-json\/wp\/v2\/product"}],"about":[{"href":"https:\/\/tema6.depodanmusteriye.com\/index.php\/wp-json\/wp\/v2\/types\/product"}],"replies":[{"embeddable":true,"href":"https:\/\/tema6.depodanmusteriye.com\/index.php\/wp-json\/wp\/v2\/comments?post=139"}],"version-history":[{"count":4,"href":"https:\/\/tema6.depodanmusteriye.com\/index.php\/wp-json\/wp\/v2\/product\/139\/revisions"}],"predecessor-version":[{"id":16911,"href":"https:\/\/tema6.depodanmusteriye.com\/index.php\/wp-json\/wp\/v2\/product\/139\/revisions\/16911"}],"wp:featuredmedia":[{"embeddable":true,"href":"https:\/\/tema6.depodanmusteriye.com\/index.php\/wp-json\/wp\/v2\/media\/156"}],"wp:attachment":[{"href":"https:\/\/tema6.depodanmusteriye.com\/index.php\/wp-json\/wp\/v2\/media?parent=139"}],"wp:term":[{"taxonomy":"product_brand","embeddable":true,"href":"https:\/\/tema6.depodanmusteriye.com\/index.php\/wp-json\/wp\/v2\/product_brand?post=139"},{"taxonomy":"product_cat","embeddable":true,"href":"https:\/\/tema6.depodanmusteriye.com\/index.php\/wp-json\/wp\/v2\/product_cat?post=139"},{"taxonomy":"product_tag","embeddable":true,"href":"https:\/\/tema6.depodanmusteriye.com\/index.php\/wp-json\/wp\/v2\/product_tag?post=139"}],"curies":[{"name":"wp","href":"https:\/\/api.w.org\/{rel}","templated":true}]}}