{"id":141,"date":"2024-10-25T11:07:10","date_gmt":"2024-10-25T11:07:10","guid":{"rendered":"https:\/\/dummy.xtemos.com\/woodmart2\/makeup-elementor\/?post_type=product&#038;p=141"},"modified":"2026-03-12T00:06:24","modified_gmt":"2026-03-12T00:06:24","slug":"exfoliate-pre-shampoo-scalp-purifying-gel","status":"publish","type":"product","link":"https:\/\/tema6.depodanmusteriye.com\/index.php\/urun\/exfoliate-pre-shampoo-scalp-purifying-gel\/","title":{"rendered":"Lazartigue Exfoliate \u2013 Sa\u00e7 Derisi Ar\u0131nd\u0131r\u0131c\u0131 ve Canland\u0131r\u0131c\u0131 Peeling Jel"},"content":{"rendered":"\t\t<div data-elementor-type=\"wp-post\" data-elementor-id=\"141\" class=\"elementor elementor-141\">\n\t\t\t\t<div class=\"wd-negative-gap elementor-element elementor-element-387f869 e-flex e-con-boxed e-con e-parent\" data-id=\"387f869\" data-element_type=\"container\">\n\t\t\t\t\t<div class=\"e-con-inner\">\n\t\t\t\t<div class=\"elementor-element elementor-element-c7852fa elementor-widget elementor-widget-wd_text_block\" data-id=\"c7852fa\" data-element_type=\"widget\" data-widget_type=\"wd_text_block.default\">\n\t\t\t\t<div class=\"elementor-widget-container\">\n\t\t\t\t\t\t\t<div class=\"wd-text-block reset-last-child text-left\">\n\t\t\t\n\t\t\t<p data-path-to-node=\"2\"><b data-path-to-node=\"2\" data-index-in-node=\"0\">Sa\u00e7 Deriniz \u0130\u00e7in Derinlemesine Detoks Etkisi.<\/b> Frans\u0131z botanik uzmanl\u0131\u011f\u0131yla geli\u015ftirilen Lazartigue Exfoliate, \u015fampuan \u00f6ncesi uygulanan \u00f6zel bir sa\u00e7 derisi bak\u0131m\u0131d\u0131r. Sa\u00e7 derisinde biriken \u00f6l\u00fc h\u00fccreleri, \u00fcr\u00fcn kal\u0131nt\u0131lar\u0131n\u0131 ve kirlili\u011fi nazik\u00e7e temizleyerek sa\u00e7 k\u00f6klerinin nefes almas\u0131n\u0131 sa\u011flar. Sa\u00e7lar\u0131n\u0131z\u0131n daha sa\u011fl\u0131kl\u0131 uzamas\u0131 ve kulland\u0131\u011f\u0131n\u0131z bak\u0131m \u00fcr\u00fcnlerinin daha iyi emilmesi i\u00e7in ideal bir ba\u015flang\u0131\u00e7 ad\u0131m\u0131d\u0131r.<\/p><ul data-path-to-node=\"3\"><li><p data-path-to-node=\"3,0,0\"><b data-path-to-node=\"3,0,0\" data-index-in-node=\"0\">Meyve Asitleri ve Jojoba \u0130ncileri:<\/b> \u00c7ift etkili peeling \u00f6zelli\u011fiyle sa\u00e7 derisini tahri\u015f etmeden ar\u0131nd\u0131r\u0131r, kan dola\u015f\u0131m\u0131n\u0131 h\u0131zland\u0131rarak sa\u00e7 k\u00f6klerini canland\u0131r\u0131r.<\/p><\/li><li><p data-path-to-node=\"3,1,0\"><b data-path-to-node=\"3,1,0\" data-index-in-node=\"0\">Ya\u011flanma ve Kepek Kar\u015f\u0131t\u0131 Destek:<\/b> Sa\u00e7 derisindeki sebum dengesini d\u00fczenleyerek sa\u00e7lar\u0131n daha ge\u00e7 ya\u011flanmas\u0131na ve kepek olu\u015fumunun \u00f6nlenmesine yard\u0131mc\u0131 olur.<\/p><\/li><li><p data-path-to-node=\"3,2,0\"><b data-path-to-node=\"3,2,0\" data-index-in-node=\"0\">Vegan ve Temiz \u0130\u00e7erik:<\/b> S\u00fclfat ve silikon i\u00e7ermeyen %100 vegan form\u00fcl\u00fcyle sa\u00e7 derisine zarar vermez, hassas ciltler dahil t\u00fcm sa\u00e7 tipleri i\u00e7in uygundur.<\/p><\/li><li><p data-path-to-node=\"3,3,0\"><b data-path-to-node=\"3,3,0\" data-index-in-node=\"0\">Hassas Uygulama Ucu:<\/b> \u00d6zel tasarlanm\u0131\u015f ince ucu sayesinde jeli do\u011frudan sa\u00e7 derisine kolayca uygulayabilir, evinizde profesyonel bir sa\u00e7 detoksu deneyimi ya\u015fayabilirsiniz.<\/p><\/li><\/ul>\n\t\t\t\t\t<\/div>\n\t\t\t\t\t\t<\/div>\n\t\t\t\t<\/div>\n\t\t\t\t\t<\/div>\n\t\t\t\t<\/div>\n\t\t\t\t<\/div>\n\t\t\n    <div class=\"xs_social_share_widget xs_share_url after_content \t\tmain_content  wslu-style-1 wslu-share-box-shaped wslu-fill-colored wslu-none wslu-share-horizontal wslu-theme-font-no wslu-main_content\">\n\n\t\t\n        <ul>\n\t\t\t        <\/ul>\n    <\/div> \n","protected":false},"excerpt":{"rendered":"<p>Sa\u00e7 Deriniz \u0130\u00e7in Derinlemesine Detoks Etkisi. Frans\u0131z botanik uzmanl\u0131\u011f\u0131yla geli\u015ftirilen Lazartigue Exfoliate, \u015fampuan \u00f6ncesi uygulanan \u00f6zel bir sa\u00e7 derisi bak\u0131m\u0131d\u0131r.<\/p>\n","protected":false},"featured_media":158,"comment_status":"open","ping_status":"closed","template":"","meta":{"postBodyCss":"","postBodyMargin":[],"postBodyPadding":[],"postBodyBackground":{"backgroundType":"classic","gradient":""}},"product_brand":[229],"product_cat":[218,206],"product_tag":[],"class_list":{"0":"post-141","1":"product","2":"type-product","3":"status-publish","4":"has-post-thumbnail","6":"product_brand-uriage","7":"product_cat-gozler","8":"product_cat-sac-derisi-bakimi","10":"first","11":"instock","12":"shipping-taxable","13":"purchasable","14":"product-type-simple"},"_links":{"self":[{"href":"https:\/\/tema6.depodanmusteriye.com\/index.php\/wp-json\/wp\/v2\/product\/141","targetHints":{"allow":["GET"]}}],"collection":[{"href":"https:\/\/tema6.depodanmusteriye.com\/index.php\/wp-json\/wp\/v2\/product"}],"about":[{"href":"https:\/\/tema6.depodanmusteriye.com\/index.php\/wp-json\/wp\/v2\/types\/product"}],"replies":[{"embeddable":true,"href":"https:\/\/tema6.depodanmusteriye.com\/index.php\/wp-json\/wp\/v2\/comments?post=141"}],"version-history":[{"count":4,"href":"https:\/\/tema6.depodanmusteriye.com\/index.php\/wp-json\/wp\/v2\/product\/141\/revisions"}],"predecessor-version":[{"id":16919,"href":"https:\/\/tema6.depodanmusteriye.com\/index.php\/wp-json\/wp\/v2\/product\/141\/revisions\/16919"}],"wp:featuredmedia":[{"embeddable":true,"href":"https:\/\/tema6.depodanmusteriye.com\/index.php\/wp-json\/wp\/v2\/media\/158"}],"wp:attachment":[{"href":"https:\/\/tema6.depodanmusteriye.com\/index.php\/wp-json\/wp\/v2\/media?parent=141"}],"wp:term":[{"taxonomy":"product_brand","embeddable":true,"href":"https:\/\/tema6.depodanmusteriye.com\/index.php\/wp-json\/wp\/v2\/product_brand?post=141"},{"taxonomy":"product_cat","embeddable":true,"href":"https:\/\/tema6.depodanmusteriye.com\/index.php\/wp-json\/wp\/v2\/product_cat?post=141"},{"taxonomy":"product_tag","embeddable":true,"href":"https:\/\/tema6.depodanmusteriye.com\/index.php\/wp-json\/wp\/v2\/product_tag?post=141"}],"curies":[{"name":"wp","href":"https:\/\/api.w.org\/{rel}","templated":true}]}}