{"id":143,"date":"2024-10-25T11:07:10","date_gmt":"2024-10-25T11:07:10","guid":{"rendered":"https:\/\/dummy.xtemos.com\/woodmart2\/makeup-elementor\/?post_type=product&#038;p=143"},"modified":"2026-03-12T00:12:38","modified_gmt":"2026-03-12T00:12:38","slug":"photoderm-nude-touch-mineral-spf50","status":"publish","type":"product","link":"https:\/\/tema6.depodanmusteriye.com\/index.php\/urun\/photoderm-nude-touch-mineral-spf50\/","title":{"rendered":"Bioderma Photoderm Nude Touch SPF 50+ \u2013 Karma ve Ya\u011fl\u0131 Ciltler \u0130\u00e7in Renkli G\u00fcne\u015f Koruyucu"},"content":{"rendered":"\t\t<div data-elementor-type=\"wp-post\" data-elementor-id=\"143\" class=\"elementor elementor-143\">\n\t\t\t\t<div class=\"wd-negative-gap elementor-element elementor-element-15da4e0 e-flex e-con-boxed e-con e-parent\" data-id=\"15da4e0\" data-element_type=\"container\">\n\t\t\t\t\t<div class=\"e-con-inner\">\n\t\t\t\t<div class=\"elementor-element elementor-element-63c3e45 elementor-widget elementor-widget-wd_text_block\" data-id=\"63c3e45\" data-element_type=\"widget\" data-widget_type=\"wd_text_block.default\">\n\t\t\t\t<div class=\"elementor-widget-container\">\n\t\t\t\t\t\t\t<div class=\"wd-text-block reset-last-child text-left\">\n\t\t\t\n\t\t\t<p data-path-to-node=\"2\"><b data-path-to-node=\"2\" data-index-in-node=\"0\">Do\u011fal Bir G\u00f6r\u00fcn\u00fcm, Kusursuz Koruma.<\/b> Bioderma Photoderm Nude Touch, \u00f6zellikle karma ve ya\u011fl\u0131 ciltlerin ihtiya\u00e7 duydu\u011fu parlama kontrol\u00fcn\u00fc y\u00fcksek g\u00fcne\u015f korumas\u0131yla birle\u015ftirir. %100 mineral filtreli form\u00fcl\u00fcyle cildi g\u00fcne\u015fin zararl\u0131 \u0131\u015f\u0131nlar\u0131ndan korurken, hafif renkli yap\u0131s\u0131 sayesinde cilt tonunu e\u015fitler ve cilde \"yok gibi\" (nude) do\u011fal bir biti\u015f kazand\u0131r\u0131r.<\/p><ul data-path-to-node=\"3\"><li><p data-path-to-node=\"3,0,0\"><b data-path-to-node=\"3,0,0\" data-index-in-node=\"0\">8 Saat Ya\u011f Kontrol\u00fc:<\/b> \"Liquid-to-powder\" (s\u0131v\u0131dan pudraya) teknolojisi sayesinde uyguland\u0131ktan sonra pudral\u0131 bir dokuya d\u00f6n\u00fc\u015f\u00fcr, g\u00fcn boyu cildin parlamas\u0131n\u0131 \u00f6nler.<\/p><\/li><li><p data-path-to-node=\"3,1,0\"><b data-path-to-node=\"3,1,0\" data-index-in-node=\"0\">Cilt Kusurlar\u0131yla Sava\u015f\u0131r:<\/b> \u0130\u00e7eri\u011findeki Salisilik Asit ile cilt dokusunu p\u00fcr\u00fczs\u00fczle\u015ftirir ve d\u00fczenli kullan\u0131mda sivilce\/siyah nokta olu\u015fumunu azaltmaya yard\u0131mc\u0131 olur.<\/p><\/li><li><p data-path-to-node=\"3,2,0\"><b data-path-to-node=\"3,2,0\" data-index-in-node=\"0\">Ultra Hafif ve Ak\u0131\u015fkan Doku:<\/b> Ciltte a\u011f\u0131rl\u0131k yapmaz, g\u00f6zenekleri t\u0131kamaz ve ipeksi bir his b\u0131rak\u0131r.<\/p><\/li><li><p data-path-to-node=\"3,3,0\"><b data-path-to-node=\"3,3,0\" data-index-in-node=\"0\">Y\u00fcksek Tolerans:<\/b> Hassas ciltler i\u00e7in uygun, parf\u00fcms\u00fcz ve suya dayan\u0131kl\u0131 form\u00fcl\u00fcyle g\u00fcvenli bir kullan\u0131m sunar.<\/p><\/li><\/ul>\n\t\t\t\t\t<\/div>\n\t\t\t\t\t\t<\/div>\n\t\t\t\t<\/div>\n\t\t\t\t\t<\/div>\n\t\t\t\t<\/div>\n\t\t\t\t<\/div>\n\t\t\n    <div class=\"xs_social_share_widget xs_share_url after_content \t\tmain_content  wslu-style-1 wslu-share-box-shaped wslu-fill-colored wslu-none wslu-share-horizontal wslu-theme-font-no wslu-main_content\">\n\n\t\t\n        <ul>\n\t\t\t        <\/ul>\n    <\/div> \n","protected":false},"excerpt":{"rendered":"<p>Do\u011fal Bir G\u00f6r\u00fcn\u00fcm, Kusursuz Koruma. Bioderma Photoderm Nude Touch, \u00f6zellikle karma ve ya\u011fl\u0131 ciltlerin ihtiya\u00e7 duydu\u011fu parlama kontrol\u00fcn\u00fc y\u00fcksek g\u00fcne\u015f<\/p>\n","protected":false},"featured_media":160,"comment_status":"open","ping_status":"closed","template":"","meta":{"postBodyCss":"","postBodyMargin":[],"postBodyPadding":[],"postBodyBackground":{"backgroundType":"classic","gradient":""}},"product_brand":[229],"product_cat":[204,196],"product_tag":[],"class_list":{"0":"post-143","1":"product","2":"type-product","3":"status-publish","4":"has-post-thumbnail","6":"product_brand-uriage","7":"product_cat-vucut-yikama-jelleri","8":"product_cat-yuz-gunes-kremi","10":"first","11":"instock","12":"shipping-taxable","13":"purchasable","14":"product-type-simple"},"_links":{"self":[{"href":"https:\/\/tema6.depodanmusteriye.com\/index.php\/wp-json\/wp\/v2\/product\/143","targetHints":{"allow":["GET"]}}],"collection":[{"href":"https:\/\/tema6.depodanmusteriye.com\/index.php\/wp-json\/wp\/v2\/product"}],"about":[{"href":"https:\/\/tema6.depodanmusteriye.com\/index.php\/wp-json\/wp\/v2\/types\/product"}],"replies":[{"embeddable":true,"href":"https:\/\/tema6.depodanmusteriye.com\/index.php\/wp-json\/wp\/v2\/comments?post=143"}],"version-history":[{"count":4,"href":"https:\/\/tema6.depodanmusteriye.com\/index.php\/wp-json\/wp\/v2\/product\/143\/revisions"}],"predecessor-version":[{"id":16927,"href":"https:\/\/tema6.depodanmusteriye.com\/index.php\/wp-json\/wp\/v2\/product\/143\/revisions\/16927"}],"wp:featuredmedia":[{"embeddable":true,"href":"https:\/\/tema6.depodanmusteriye.com\/index.php\/wp-json\/wp\/v2\/media\/160"}],"wp:attachment":[{"href":"https:\/\/tema6.depodanmusteriye.com\/index.php\/wp-json\/wp\/v2\/media?parent=143"}],"wp:term":[{"taxonomy":"product_brand","embeddable":true,"href":"https:\/\/tema6.depodanmusteriye.com\/index.php\/wp-json\/wp\/v2\/product_brand?post=143"},{"taxonomy":"product_cat","embeddable":true,"href":"https:\/\/tema6.depodanmusteriye.com\/index.php\/wp-json\/wp\/v2\/product_cat?post=143"},{"taxonomy":"product_tag","embeddable":true,"href":"https:\/\/tema6.depodanmusteriye.com\/index.php\/wp-json\/wp\/v2\/product_tag?post=143"}],"curies":[{"name":"wp","href":"https:\/\/api.w.org\/{rel}","templated":true}]}}