{"id":144,"date":"2024-10-25T11:07:10","date_gmt":"2024-10-25T11:07:10","guid":{"rendered":"https:\/\/dummy.xtemos.com\/woodmart2\/makeup-elementor\/?post_type=product&#038;p=144"},"modified":"2026-03-12T00:14:59","modified_gmt":"2026-03-12T00:14:59","slug":"anthelios-hydrating-lotion-eco-tube-spf50-250ml","status":"publish","type":"product","link":"https:\/\/tema6.depodanmusteriye.com\/index.php\/urun\/anthelios-hydrating-lotion-eco-tube-spf50-250ml\/","title":{"rendered":"La Roche-Posay Anthelios SPF 50+ Hydrating Lotion \u2013 Eko-Duyarl\u0131 T\u00fcp"},"content":{"rendered":"\t\t<div data-elementor-type=\"wp-post\" data-elementor-id=\"144\" class=\"elementor elementor-144\">\n\t\t\t\t<div class=\"wd-negative-gap elementor-element elementor-element-3002136 e-flex e-con-boxed e-con e-parent\" data-id=\"3002136\" data-element_type=\"container\">\n\t\t\t\t\t<div class=\"e-con-inner\">\n\t\t\t\t<div class=\"elementor-element elementor-element-6afc2f1 elementor-widget elementor-widget-wd_text_block\" data-id=\"6afc2f1\" data-element_type=\"widget\" data-widget_type=\"wd_text_block.default\">\n\t\t\t\t<div class=\"elementor-widget-container\">\n\t\t\t\t\t\t\t<div class=\"wd-text-block reset-last-child text-left\">\n\t\t\t\n\t\t\t<p data-path-to-node=\"2\"><b data-path-to-node=\"2\" data-index-in-node=\"0\">Cildiniz \u0130\u00e7in Maksimum Koruma, Do\u011fa \u0130\u00e7in Minimum \u0130z.<\/b> La Roche-Posay'in ikonik Anthelios serisinden bu nemlendirici losyon, \u00e7ok y\u00fcksek spektrumlu g\u00fcne\u015f korumas\u0131n\u0131 s\u00fcrd\u00fcr\u00fclebilir bir tasar\u0131mla birle\u015ftiriyor. Kuru ve hassas ciltler i\u00e7in \u00f6zel olarak form\u00fcle edilen \u00fcr\u00fcn, cildi nemlendirirken ayn\u0131 zamanda \u00e7evre dostu ambalaj\u0131yla karbon ayak izini azaltmaya yard\u0131mc\u0131 olur.<\/p><ul data-path-to-node=\"3\"><li><p data-path-to-node=\"3,0,0\"><b data-path-to-node=\"3,0,0\" data-index-in-node=\"0\">Ultra Koruma &amp; Ultra Dayan\u0131kl\u0131l\u0131k:<\/b> SPF 50+ fakt\u00f6r\u00fc ile UVA\/UVB \u0131\u015f\u0131nlar\u0131na kar\u015f\u0131 \u00e7ok y\u00fcksek koruma sa\u011flar. Suya, tere ve kuma kar\u015f\u0131 son derece dayan\u0131kl\u0131d\u0131r.<\/p><\/li><li><p data-path-to-node=\"3,1,0\"><b data-path-to-node=\"3,1,0\" data-index-in-node=\"0\">Nemlendirici Form\u00fcl:<\/b> Ciltte beyaz iz b\u0131rakmayan, ya\u011fs\u0131z ve yap\u0131\u015fkan his b\u0131rakmayan dokusuyla kuru ciltleri g\u00fcn boyu nemli tutar.<\/p><\/li><li><p data-path-to-node=\"3,2,0\"><b data-path-to-node=\"3,2,0\" data-index-in-node=\"0\">G\u00f6z Yakmayan \u0130\u00e7erik:<\/b> Hassas g\u00f6z \u00e7evresi i\u00e7in test edilmi\u015ftir; spor yaparken veya g\u00fcnl\u00fck kullan\u0131mda konfor sa\u011flar.<\/p><\/li><li><p data-path-to-node=\"3,3,0\"><b data-path-to-node=\"3,3,0\" data-index-in-node=\"0\">Eko-Duyarl\u0131 Karton T\u00fcp:<\/b> Plastik kullan\u0131m\u0131n\u0131 %45 azaltan yeni karton bazl\u0131 t\u00fcp tasar\u0131m\u0131yla gezegenimizi korumaya destek olur.<\/p><\/li><\/ul>\n\t\t\t\t\t<\/div>\n\t\t\t\t\t\t<\/div>\n\t\t\t\t<\/div>\n\t\t\t\t\t<\/div>\n\t\t\t\t<\/div>\n\t\t\t\t<\/div>\n\t\t\n    <div class=\"xs_social_share_widget xs_share_url after_content \t\tmain_content  wslu-style-1 wslu-share-box-shaped wslu-fill-colored wslu-none wslu-share-horizontal wslu-theme-font-no wslu-main_content\">\n\n\t\t\n        <ul>\n\t\t\t        <\/ul>\n    <\/div> \n","protected":false},"excerpt":{"rendered":"<p>Cildiniz \u0130\u00e7in Maksimum Koruma, Do\u011fa \u0130\u00e7in Minimum \u0130z. La Roche-Posay&#8217;in ikonik Anthelios serisinden bu nemlendirici losyon, \u00e7ok y\u00fcksek spektrumlu g\u00fcne\u015f<\/p>\n","protected":false},"featured_media":161,"comment_status":"open","ping_status":"closed","template":"","meta":{"postBodyCss":"","postBodyMargin":[],"postBodyPadding":[],"postBodyBackground":{"backgroundType":"classic","gradient":""}},"product_brand":[225],"product_cat":[215,200],"product_tag":[],"class_list":{"0":"post-144","1":"product","2":"type-product","3":"status-publish","4":"has-post-thumbnail","6":"product_brand-mizon","7":"product_cat-ayak-bakimi","8":"product_cat-vucut-gunes-kremi","10":"first","11":"instock","12":"sale","13":"shipping-taxable","14":"purchasable","15":"product-type-simple"},"_links":{"self":[{"href":"https:\/\/tema6.depodanmusteriye.com\/index.php\/wp-json\/wp\/v2\/product\/144","targetHints":{"allow":["GET"]}}],"collection":[{"href":"https:\/\/tema6.depodanmusteriye.com\/index.php\/wp-json\/wp\/v2\/product"}],"about":[{"href":"https:\/\/tema6.depodanmusteriye.com\/index.php\/wp-json\/wp\/v2\/types\/product"}],"replies":[{"embeddable":true,"href":"https:\/\/tema6.depodanmusteriye.com\/index.php\/wp-json\/wp\/v2\/comments?post=144"}],"version-history":[{"count":4,"href":"https:\/\/tema6.depodanmusteriye.com\/index.php\/wp-json\/wp\/v2\/product\/144\/revisions"}],"predecessor-version":[{"id":16931,"href":"https:\/\/tema6.depodanmusteriye.com\/index.php\/wp-json\/wp\/v2\/product\/144\/revisions\/16931"}],"wp:featuredmedia":[{"embeddable":true,"href":"https:\/\/tema6.depodanmusteriye.com\/index.php\/wp-json\/wp\/v2\/media\/161"}],"wp:attachment":[{"href":"https:\/\/tema6.depodanmusteriye.com\/index.php\/wp-json\/wp\/v2\/media?parent=144"}],"wp:term":[{"taxonomy":"product_brand","embeddable":true,"href":"https:\/\/tema6.depodanmusteriye.com\/index.php\/wp-json\/wp\/v2\/product_brand?post=144"},{"taxonomy":"product_cat","embeddable":true,"href":"https:\/\/tema6.depodanmusteriye.com\/index.php\/wp-json\/wp\/v2\/product_cat?post=144"},{"taxonomy":"product_tag","embeddable":true,"href":"https:\/\/tema6.depodanmusteriye.com\/index.php\/wp-json\/wp\/v2\/product_tag?post=144"}],"curies":[{"name":"wp","href":"https:\/\/api.w.org\/{rel}","templated":true}]}}