{"id":145,"date":"2024-10-25T11:07:10","date_gmt":"2024-10-25T11:07:10","guid":{"rendered":"https:\/\/dummy.xtemos.com\/woodmart2\/makeup-elementor\/?post_type=product&#038;p=145"},"modified":"2026-03-12T00:17:07","modified_gmt":"2026-03-12T00:17:07","slug":"watermelon-tanning-oil-spf15-100ml","status":"publish","type":"product","link":"https:\/\/tema6.depodanmusteriye.com\/index.php\/urun\/watermelon-tanning-oil-spf15-100ml\/","title":{"rendered":"Bali Body Watermelon Tanning Oil \u2013 SPF 15 Bronzla\u015ft\u0131r\u0131c\u0131 Karpuz Ya\u011f\u0131"},"content":{"rendered":"\t\t<div data-elementor-type=\"wp-post\" data-elementor-id=\"145\" class=\"elementor elementor-145\">\n\t\t\t\t<div class=\"wd-negative-gap elementor-element elementor-element-eee43db e-flex e-con-boxed e-con e-parent\" data-id=\"eee43db\" data-element_type=\"container\">\n\t\t\t\t\t<div class=\"e-con-inner\">\n\t\t\t\t<div class=\"elementor-element elementor-element-244ccb3 elementor-widget elementor-widget-wd_text_block\" data-id=\"244ccb3\" data-element_type=\"widget\" data-widget_type=\"wd_text_block.default\">\n\t\t\t\t<div class=\"elementor-widget-container\">\n\t\t\t\t\t\t\t<div class=\"wd-text-block reset-last-child text-left\">\n\t\t\t\n\t\t\t<p data-path-to-node=\"2\"><b data-path-to-node=\"2\" data-index-in-node=\"0\">G\u00fcne\u015fin Tad\u0131n\u0131 Karpuz Ferahl\u0131\u011f\u0131 ve Alt\u0131n I\u015f\u0131lt\u0131s\u0131yla \u00c7\u0131kar\u0131n.<\/b> Bali Body\u2019nin d\u00fcnya \u00e7ap\u0131nda sevilen bu ikonik bronzla\u015ft\u0131r\u0131c\u0131 ya\u011f\u0131, cildinize derin, karanl\u0131k ve do\u011fal bir bronzluk kazand\u0131r\u0131rken ayn\u0131 zamanda karpuz tohumu ya\u011f\u0131 ile cildinizi besler. Hafif yap\u0131s\u0131 ve SPF 15 koruma fakt\u00f6r\u00fcyle hem bronzla\u015fmak hem de g\u00fcne\u015fin kurutucu etkisinden korunmak isteyenler i\u00e7in yaz \u00e7antas\u0131n\u0131n vazge\u00e7ilmezidir.<\/p><ul data-path-to-node=\"3\"><li><p data-path-to-node=\"3,0,0\"><b data-path-to-node=\"3,0,0\" data-index-in-node=\"0\">Do\u011fal Bronzluk H\u0131zland\u0131r\u0131c\u0131:<\/b> Karpuz tohumu ya\u011f\u0131, cildin melanin \u00fcretimini do\u011fal yollarla destekleyerek daha k\u0131sa s\u00fcrede daha kal\u0131c\u0131 ve \u00e7arp\u0131c\u0131 bir bronzlu\u011fa ula\u015fman\u0131z\u0131 sa\u011flar.<\/p><\/li><li><p data-path-to-node=\"3,1,0\"><b data-path-to-node=\"3,1,0\" data-index-in-node=\"0\">SPF 15 Orta Derece Koruma:<\/b> Cildinizi UVA ve UVB \u0131\u015f\u0131nlar\u0131na kar\u015f\u0131 korurken g\u00fcvenli bir \u015fekilde bronzla\u015fman\u0131za imkan tan\u0131r.<\/p><\/li><li><p data-path-to-node=\"3,2,0\"><b data-path-to-node=\"3,2,0\" data-index-in-node=\"0\">Nemlendirici ve Yenileyici:<\/b> %100 do\u011fal i\u00e7eriklerle zenginle\u015ftirilmi\u015f form\u00fcl\u00fc, cildi nemlendirir, elastikiyetini art\u0131r\u0131r ve cildin yaz boyu p\u00fcr\u00fczs\u00fcz ve \u0131\u015f\u0131lt\u0131l\u0131 kalmas\u0131n\u0131 sa\u011flar.<\/p><\/li><li><p data-path-to-node=\"3,3,0\"><b data-path-to-node=\"3,3,0\" data-index-in-node=\"0\">Hafif ve Meyvemsi Koku:<\/b> Uygulad\u0131\u011f\u0131n\u0131z anda yay\u0131lan taze karpuz kokusuyla yaz enerjinizi y\u00fckseltir.<\/p><\/li><\/ul>\n\t\t\t\t\t<\/div>\n\t\t\t\t\t\t<\/div>\n\t\t\t\t<\/div>\n\t\t\t\t\t<\/div>\n\t\t\t\t<\/div>\n\t\t\t\t<\/div>\n\t\t\n    <div class=\"xs_social_share_widget xs_share_url after_content \t\tmain_content  wslu-style-1 wslu-share-box-shaped wslu-fill-colored wslu-none wslu-share-horizontal wslu-theme-font-no wslu-main_content\">\n\n\t\t\n        <ul>\n\t\t\t        <\/ul>\n    <\/div> \n","protected":false},"excerpt":{"rendered":"<p>G\u00fcne\u015fin Tad\u0131n\u0131 Karpuz Ferahl\u0131\u011f\u0131 ve Alt\u0131n I\u015f\u0131lt\u0131s\u0131yla \u00c7\u0131kar\u0131n. Bali Body\u2019nin d\u00fcnya \u00e7ap\u0131nda sevilen bu ikonik bronzla\u015ft\u0131r\u0131c\u0131 ya\u011f\u0131, cildinize derin, karanl\u0131k<\/p>\n","protected":false},"featured_media":162,"comment_status":"open","ping_status":"closed","template":"","meta":{"postBodyCss":"","postBodyMargin":[],"postBodyPadding":[],"postBodyBackground":{"backgroundType":"classic","gradient":""}},"product_brand":[229],"product_cat":[214,200],"product_tag":[],"class_list":{"0":"post-145","1":"product","2":"type-product","3":"status-publish","4":"has-post-thumbnail","6":"product_brand-uriage","7":"product_cat-el-bakimi","8":"product_cat-vucut-gunes-kremi","10":"first","11":"instock","12":"shipping-taxable","13":"purchasable","14":"product-type-simple"},"_links":{"self":[{"href":"https:\/\/tema6.depodanmusteriye.com\/index.php\/wp-json\/wp\/v2\/product\/145","targetHints":{"allow":["GET"]}}],"collection":[{"href":"https:\/\/tema6.depodanmusteriye.com\/index.php\/wp-json\/wp\/v2\/product"}],"about":[{"href":"https:\/\/tema6.depodanmusteriye.com\/index.php\/wp-json\/wp\/v2\/types\/product"}],"replies":[{"embeddable":true,"href":"https:\/\/tema6.depodanmusteriye.com\/index.php\/wp-json\/wp\/v2\/comments?post=145"}],"version-history":[{"count":4,"href":"https:\/\/tema6.depodanmusteriye.com\/index.php\/wp-json\/wp\/v2\/product\/145\/revisions"}],"predecessor-version":[{"id":16935,"href":"https:\/\/tema6.depodanmusteriye.com\/index.php\/wp-json\/wp\/v2\/product\/145\/revisions\/16935"}],"wp:featuredmedia":[{"embeddable":true,"href":"https:\/\/tema6.depodanmusteriye.com\/index.php\/wp-json\/wp\/v2\/media\/162"}],"wp:attachment":[{"href":"https:\/\/tema6.depodanmusteriye.com\/index.php\/wp-json\/wp\/v2\/media?parent=145"}],"wp:term":[{"taxonomy":"product_brand","embeddable":true,"href":"https:\/\/tema6.depodanmusteriye.com\/index.php\/wp-json\/wp\/v2\/product_brand?post=145"},{"taxonomy":"product_cat","embeddable":true,"href":"https:\/\/tema6.depodanmusteriye.com\/index.php\/wp-json\/wp\/v2\/product_cat?post=145"},{"taxonomy":"product_tag","embeddable":true,"href":"https:\/\/tema6.depodanmusteriye.com\/index.php\/wp-json\/wp\/v2\/product_tag?post=145"}],"curies":[{"name":"wp","href":"https:\/\/api.w.org\/{rel}","templated":true}]}}