{"id":147,"date":"2024-10-25T11:07:10","date_gmt":"2024-10-25T11:07:10","guid":{"rendered":"https:\/\/dummy.xtemos.com\/woodmart2\/makeup-elementor\/?post_type=product&#038;p=147"},"modified":"2026-03-12T00:22:30","modified_gmt":"2026-03-12T00:22:30","slug":"protection-sun-exposed-hair-oil-with-tamanu-monoi-100ml","status":"publish","type":"product","link":"https:\/\/tema6.depodanmusteriye.com\/index.php\/urun\/protection-sun-exposed-hair-oil-with-tamanu-monoi-100ml\/","title":{"rendered":"Klorane Sun Protection \u2013 G\u00fcne\u015f G\u00f6rm\u00fc\u015f Sa\u00e7lar \u0130\u00e7in Koruyucu Tamanu ve Monoi Ya\u011f\u0131"},"content":{"rendered":"\t\t<div data-elementor-type=\"wp-post\" data-elementor-id=\"147\" class=\"elementor elementor-147\">\n\t\t\t\t<div class=\"wd-negative-gap elementor-element elementor-element-474b330 e-flex e-con-boxed e-con e-parent\" data-id=\"474b330\" data-element_type=\"container\">\n\t\t\t\t\t<div class=\"e-con-inner\">\n\t\t\t\t<div class=\"elementor-element elementor-element-b0739ad elementor-widget elementor-widget-wd_text_block\" data-id=\"b0739ad\" data-element_type=\"widget\" data-widget_type=\"wd_text_block.default\">\n\t\t\t\t<div class=\"elementor-widget-container\">\n\t\t\t\t\t\t\t<div class=\"wd-text-block reset-last-child text-left\">\n\t\t\t\n\t\t\t<p data-path-to-node=\"2\"><b data-path-to-node=\"2\" data-index-in-node=\"0\">Sa\u00e7lar\u0131n\u0131z \u0130\u00e7in G\u00fcne\u015ften Gelen Do\u011fal Koruma Kalkan\u0131.<\/b> Klorane'in bu besleyici sa\u00e7 ya\u011f\u0131, sa\u00e7lar\u0131n\u0131z\u0131 g\u00fcne\u015fin (UV), tuzun ve klorun y\u0131prat\u0131c\u0131 etkilerine kar\u015f\u0131 derinlemesine korur. %95 do\u011fal i\u00e7erikli form\u00fcl\u00fcyle sa\u00e7 tellerini bir k\u0131l\u0131f gibi sararak kurumay\u0131 ve renk solmalar\u0131n\u0131 \u00f6nlerken, sa\u00e7lar\u0131n\u0131za tropikal bir ferahl\u0131k ve \u0131\u015f\u0131lt\u0131 kazand\u0131r\u0131r.<\/p><ul data-path-to-node=\"3\"><li><p data-path-to-node=\"3,0,0\"><b data-path-to-node=\"3,0,0\" data-index-in-node=\"0\">\u00c7ok Y\u00f6nl\u00fc Koruma:<\/b> UV \u0131\u015f\u0131nlar\u0131, deniz tuzu ve havuz kloruna kar\u015f\u0131 dayan\u0131kl\u0131 bir bariyer olu\u015fturarak sa\u00e7\u0131n nemini hapsetmesini sa\u011flar.<\/p><\/li><li><p data-path-to-node=\"3,1,0\"><b data-path-to-node=\"3,1,0\" data-index-in-node=\"0\">Organik Tamanu ve Monoi \u00d6zleri:<\/b> Polinezya'n\u0131n de\u011ferli i\u00e7erikleriyle sa\u00e7\u0131 yo\u011fun \u015fekilde besler, onar\u0131r ve sa\u00e7a ipeksi bir yumu\u015fakl\u0131k verir.<\/p><\/li><li><p data-path-to-node=\"3,2,0\"><b data-path-to-node=\"3,2,0\" data-index-in-node=\"0\">Do\u011fal ve \u00c7evre Dostu:<\/b> %95 oran\u0131nda do\u011fal kaynakl\u0131 i\u00e7eriklerle form\u00fcle edilmi\u015ftir; sa\u00e7\u0131n\u0131za ve \u00e7evreye kar\u015f\u0131 naziktir.<\/p><\/li><li><p data-path-to-node=\"3,3,0\"><b data-path-to-node=\"3,3,0\" data-index-in-node=\"0\">Parlak ve Kolay \u015eekil Alan Sa\u00e7lar:<\/b> Sa\u00e7\u0131 a\u011f\u0131rla\u015ft\u0131rmadan parlat\u0131r, elektriklenmeyi \u00f6nler ve g\u00fcne\u015f sonras\u0131 sa\u00e7\u0131n kolayca taranmas\u0131na yard\u0131mc\u0131 olur.<\/p><\/li><\/ul>\n\t\t\t\t\t<\/div>\n\t\t\t\t\t\t<\/div>\n\t\t\t\t<\/div>\n\t\t\t\t\t<\/div>\n\t\t\t\t<\/div>\n\t\t\t\t<\/div>\n\t\t\n    <div class=\"xs_social_share_widget xs_share_url after_content \t\tmain_content  wslu-style-1 wslu-share-box-shaped wslu-fill-colored wslu-none wslu-share-horizontal wslu-theme-font-no wslu-main_content\">\n\n\t\t\n        <ul>\n\t\t\t        <\/ul>\n    <\/div> \n","protected":false},"excerpt":{"rendered":"<p>Sa\u00e7lar\u0131n\u0131z \u0130\u00e7in G\u00fcne\u015ften Gelen Do\u011fal Koruma Kalkan\u0131. Klorane&#8217;in bu besleyici sa\u00e7 ya\u011f\u0131, sa\u00e7lar\u0131n\u0131z\u0131 g\u00fcne\u015fin (UV), tuzun ve klorun y\u0131prat\u0131c\u0131 etkilerine<\/p>\n","protected":false},"featured_media":164,"comment_status":"open","ping_status":"closed","template":"","meta":{"postBodyCss":"","postBodyMargin":[],"postBodyPadding":[],"postBodyBackground":{"backgroundType":"classic","gradient":""}},"product_brand":[229],"product_cat":[208,197],"product_tag":[],"class_list":{"0":"post-147","1":"product","2":"type-product","3":"status-publish","4":"has-post-thumbnail","6":"product_brand-uriage","7":"product_cat-kremler","8":"product_cat-sac-gunes-kremi","10":"first","11":"instock","12":"shipping-taxable","13":"purchasable","14":"product-type-simple"},"_links":{"self":[{"href":"https:\/\/tema6.depodanmusteriye.com\/index.php\/wp-json\/wp\/v2\/product\/147","targetHints":{"allow":["GET"]}}],"collection":[{"href":"https:\/\/tema6.depodanmusteriye.com\/index.php\/wp-json\/wp\/v2\/product"}],"about":[{"href":"https:\/\/tema6.depodanmusteriye.com\/index.php\/wp-json\/wp\/v2\/types\/product"}],"replies":[{"embeddable":true,"href":"https:\/\/tema6.depodanmusteriye.com\/index.php\/wp-json\/wp\/v2\/comments?post=147"}],"version-history":[{"count":4,"href":"https:\/\/tema6.depodanmusteriye.com\/index.php\/wp-json\/wp\/v2\/product\/147\/revisions"}],"predecessor-version":[{"id":16943,"href":"https:\/\/tema6.depodanmusteriye.com\/index.php\/wp-json\/wp\/v2\/product\/147\/revisions\/16943"}],"wp:featuredmedia":[{"embeddable":true,"href":"https:\/\/tema6.depodanmusteriye.com\/index.php\/wp-json\/wp\/v2\/media\/164"}],"wp:attachment":[{"href":"https:\/\/tema6.depodanmusteriye.com\/index.php\/wp-json\/wp\/v2\/media?parent=147"}],"wp:term":[{"taxonomy":"product_brand","embeddable":true,"href":"https:\/\/tema6.depodanmusteriye.com\/index.php\/wp-json\/wp\/v2\/product_brand?post=147"},{"taxonomy":"product_cat","embeddable":true,"href":"https:\/\/tema6.depodanmusteriye.com\/index.php\/wp-json\/wp\/v2\/product_cat?post=147"},{"taxonomy":"product_tag","embeddable":true,"href":"https:\/\/tema6.depodanmusteriye.com\/index.php\/wp-json\/wp\/v2\/product_tag?post=147"}],"curies":[{"name":"wp","href":"https:\/\/api.w.org\/{rel}","templated":true}]}}