{"id":149,"date":"2024-10-25T11:07:10","date_gmt":"2024-10-25T11:07:10","guid":{"rendered":"https:\/\/dummy.xtemos.com\/woodmart2\/makeup-elementor\/?post_type=product&#038;p=149"},"modified":"2026-03-12T00:26:42","modified_gmt":"2026-03-12T00:26:42","slug":"after-sun-tan-intensifying-moisturizing-lotion","status":"publish","type":"product","link":"https:\/\/tema6.depodanmusteriye.com\/index.php\/urun\/after-sun-tan-intensifying-moisturizing-lotion\/","title":{"rendered":"Piz Buin After Sun Tan Intensifying \u2013 Bronzluk Art\u0131r\u0131c\u0131 Nemlendirici Losyon"},"content":{"rendered":"\t\t<div data-elementor-type=\"wp-post\" data-elementor-id=\"149\" class=\"elementor elementor-149\">\n\t\t\t\t<div class=\"wd-negative-gap elementor-element elementor-element-e002886 e-flex e-con-boxed e-con e-parent\" data-id=\"e002886\" data-element_type=\"container\">\n\t\t\t\t\t<div class=\"e-con-inner\">\n\t\t\t\t<div class=\"elementor-element elementor-element-a6bd20d elementor-widget elementor-widget-wd_text_block\" data-id=\"a6bd20d\" data-element_type=\"widget\" data-widget_type=\"wd_text_block.default\">\n\t\t\t\t<div class=\"elementor-widget-container\">\n\t\t\t\t\t\t\t<div class=\"wd-text-block reset-last-child text-left\">\n\t\t\t\n\t\t\t<p data-path-to-node=\"2\"><b data-path-to-node=\"2\" data-index-in-node=\"0\">Bronzlu\u011funuzu \u0130ki Kat\u0131na \u00c7\u0131kar\u0131n, Cildinizi Neme Doyurun.<\/b> Piz Buin After Sun, sadece bir g\u00fcne\u015f sonras\u0131 nemlendiricisi de\u011fil, ayn\u0131 zamanda bronzlu\u011funuzu derinle\u015ftiren \u00f6zel bir bak\u0131m losyonudur. G\u00fcne\u015f banyosu sonras\u0131 cildi yat\u0131\u015ft\u0131r\u0131rken, i\u00e7eri\u011findeki \u00f6zel bitki \u00f6zleri sayesinde cildin do\u011fal bronzla\u015fma pigmentlerini uyararak tatil d\u00f6n\u00fc\u015f\u00fc bile o alt\u0131n rengi g\u00f6r\u00fcn\u00fcm\u00fc koruman\u0131z\u0131 sa\u011flar.<\/p><ul data-path-to-node=\"3\"><li><p data-path-to-node=\"3,0,0\"><b data-path-to-node=\"3,0,0\" data-index-in-node=\"0\">Tanimel\u2122 Teknolojisi:<\/b> \u0130\u00e7eri\u011findeki \u00f6zel bronzluk art\u0131r\u0131c\u0131 bitki \u00f6z\u00fc Tanimel\u2122, cildin do\u011fal melanin \u00fcretimini iki kat\u0131na \u00e7\u0131kararak daha yo\u011fun ve kal\u0131c\u0131 bir bronzluk sunar.<\/p><\/li><li><p data-path-to-node=\"3,1,0\"><b data-path-to-node=\"3,1,0\" data-index-in-node=\"0\">24 Saat Yo\u011fun Nemlendirme:<\/b> G\u00fcne\u015fin kuruttu\u011fu cildi an\u0131nda ferahlat\u0131r ve nem dengesini geri kazand\u0131rarak cildin soyulmas\u0131n\u0131 \u00f6nler.<\/p><\/li><li><p data-path-to-node=\"3,2,0\"><b data-path-to-node=\"3,2,0\" data-index-in-node=\"0\">Kadifemsi ve Yumu\u015fak Biti\u015f:<\/b> H\u0131zl\u0131 emilen yap\u0131s\u0131 sayesinde ciltte ya\u011fl\u0131 bir his b\u0131rakmaz, cilde p\u00fcr\u00fczs\u00fcz ve sa\u011fl\u0131kl\u0131 bir \u0131\u015f\u0131lt\u0131 kazand\u0131r\u0131r.<\/p><\/li><li><p data-path-to-node=\"3,3,0\"><b data-path-to-node=\"3,3,0\" data-index-in-node=\"0\">E Vitamini \u0130le Onar\u0131m:<\/b> G\u00fc\u00e7l\u00fc antioksidan i\u00e7eri\u011fiyle cildi g\u00fcne\u015f sonras\u0131 serbest radikallere kar\u015f\u0131 korur ve cildin yenilenmesine yard\u0131mc\u0131 olur.<\/p><\/li><\/ul>\n\t\t\t\t\t<\/div>\n\t\t\t\t\t\t<\/div>\n\t\t\t\t<\/div>\n\t\t\t\t\t<\/div>\n\t\t\t\t<\/div>\n\t\t\t\t<\/div>\n\t\t\n    <div class=\"xs_social_share_widget xs_share_url after_content \t\tmain_content  wslu-style-1 wslu-share-box-shaped wslu-fill-colored wslu-none wslu-share-horizontal wslu-theme-font-no wslu-main_content\">\n\n\t\t\n        <ul>\n\t\t\t        <\/ul>\n    <\/div> \n","protected":false},"excerpt":{"rendered":"<p>Bronzlu\u011funuzu \u0130ki Kat\u0131na \u00c7\u0131kar\u0131n, Cildinizi Neme Doyurun. Piz Buin After Sun, sadece bir g\u00fcne\u015f sonras\u0131 nemlendiricisi de\u011fil, ayn\u0131 zamanda bronzlu\u011funuzu<\/p>\n","protected":false},"featured_media":166,"comment_status":"open","ping_status":"closed","template":"","meta":{"postBodyCss":"","postBodyMargin":[],"postBodyPadding":[],"postBodyBackground":{"backgroundType":"classic","gradient":""}},"product_brand":[226],"product_cat":[214,198],"product_tag":[],"class_list":{"0":"post-149","1":"product","2":"type-product","3":"status-publish","4":"has-post-thumbnail","6":"product_brand-payot","7":"product_cat-el-bakimi","8":"product_cat-gunesten-sonra","10":"first","11":"instock","12":"sale","13":"featured","14":"shipping-taxable","15":"purchasable","16":"product-type-simple"},"_links":{"self":[{"href":"https:\/\/tema6.depodanmusteriye.com\/index.php\/wp-json\/wp\/v2\/product\/149","targetHints":{"allow":["GET"]}}],"collection":[{"href":"https:\/\/tema6.depodanmusteriye.com\/index.php\/wp-json\/wp\/v2\/product"}],"about":[{"href":"https:\/\/tema6.depodanmusteriye.com\/index.php\/wp-json\/wp\/v2\/types\/product"}],"replies":[{"embeddable":true,"href":"https:\/\/tema6.depodanmusteriye.com\/index.php\/wp-json\/wp\/v2\/comments?post=149"}],"version-history":[{"count":4,"href":"https:\/\/tema6.depodanmusteriye.com\/index.php\/wp-json\/wp\/v2\/product\/149\/revisions"}],"predecessor-version":[{"id":16951,"href":"https:\/\/tema6.depodanmusteriye.com\/index.php\/wp-json\/wp\/v2\/product\/149\/revisions\/16951"}],"wp:featuredmedia":[{"embeddable":true,"href":"https:\/\/tema6.depodanmusteriye.com\/index.php\/wp-json\/wp\/v2\/media\/166"}],"wp:attachment":[{"href":"https:\/\/tema6.depodanmusteriye.com\/index.php\/wp-json\/wp\/v2\/media?parent=149"}],"wp:term":[{"taxonomy":"product_brand","embeddable":true,"href":"https:\/\/tema6.depodanmusteriye.com\/index.php\/wp-json\/wp\/v2\/product_brand?post=149"},{"taxonomy":"product_cat","embeddable":true,"href":"https:\/\/tema6.depodanmusteriye.com\/index.php\/wp-json\/wp\/v2\/product_cat?post=149"},{"taxonomy":"product_tag","embeddable":true,"href":"https:\/\/tema6.depodanmusteriye.com\/index.php\/wp-json\/wp\/v2\/product_tag?post=149"}],"curies":[{"name":"wp","href":"https:\/\/api.w.org\/{rel}","templated":true}]}}