{"id":79,"date":"2024-10-25T11:07:00","date_gmt":"2024-10-25T11:07:00","guid":{"rendered":"https:\/\/dummy.xtemos.com\/woodmart2\/makeup-elementor\/?post_type=product&#038;p=79"},"modified":"2026-03-18T20:44:20","modified_gmt":"2026-03-18T20:44:20","slug":"dr-ceuracle-royal-vita-propolis-33-ampoule-aydinlatici-ve-onarici-antioksidan-serum","status":"publish","type":"product","link":"https:\/\/tema6.depodanmusteriye.com\/index.php\/urun\/dr-ceuracle-royal-vita-propolis-33-ampoule-aydinlatici-ve-onarici-antioksidan-serum\/","title":{"rendered":"Dr. Ceuracle Royal Vita Propolis 33 Ampoule \u2013 Ayd\u0131nlat\u0131c\u0131 ve Onar\u0131c\u0131 Antioksidan Serum"},"content":{"rendered":"\t\t<div data-elementor-type=\"wp-post\" data-elementor-id=\"79\" class=\"elementor elementor-79\">\n\t\t\t\t<div class=\"wd-negative-gap elementor-element elementor-element-a0b0cd7 e-flex e-con-boxed e-con e-parent\" data-id=\"a0b0cd7\" data-element_type=\"container\">\n\t\t\t\t\t<div class=\"e-con-inner\">\n\t\t\t\t<div class=\"elementor-element elementor-element-31b3c75 elementor-widget elementor-widget-wd_text_block\" data-id=\"31b3c75\" data-element_type=\"widget\" data-widget_type=\"wd_text_block.default\">\n\t\t\t\t<div class=\"elementor-widget-container\">\n\t\t\t\t\t\t\t<div class=\"wd-text-block reset-last-child text-left\">\n\t\t\t\n\t\t\t<p data-path-to-node=\"2\"><b data-path-to-node=\"2\" data-index-in-node=\"0\">Cildiniz \u0130\u00e7in Ar\u0131 S\u00fct\u00fc I\u015f\u0131lt\u0131s\u0131 ve Vitamin Enerjisi.<\/b> Dr. Ceuracle Royal Vita Propolis 33 Ampoule, donuk, yorgun ve nemsiz kalm\u0131\u015f ciltleri an\u0131nda canland\u0131rmak i\u00e7in form\u00fcle edilmi\u015f \u00e7ok fonksiyonlu bir bak\u0131m serumudur. \u0130\u00e7eri\u011findeki y\u00fcksek konsantrasyonlu propolis \u00f6z\u00fc ve vitamin kompleksi sayesinde cilde do\u011fal bir \u0131\u015f\u0131lt\u0131 (honey-glow) kazand\u0131r\u0131rken, ayn\u0131 zamanda d\u0131\u015f etkenlere kar\u015f\u0131 koruyucu bir kalkan olu\u015fturur. Hafif yap\u0131s\u0131 ile cilt taraf\u0131ndan h\u0131zla emilir ve ya\u011fl\u0131 bir his b\u0131rakmadan derinlemesine besleme sa\u011flar.<\/p><ul data-path-to-node=\"3\"><li><p data-path-to-node=\"3,0,0\"><b data-path-to-node=\"3,0,0\" data-index-in-node=\"0\">%33 Saf Propolis \u00d6z\u00fc:<\/b> Do\u011fal bir antibiyotik olan propolis, cildi yat\u0131\u015ft\u0131r\u0131r, onar\u0131r ve akneye meyilli ciltlerde hassasiyeti gidermeye yard\u0131mc\u0131 olur.<\/p><\/li><li><p data-path-to-node=\"3,1,0\"><b data-path-to-node=\"3,1,0\" data-index-in-node=\"0\">Kraliyet Jeli (Royal Jelly) ve Vitamin Kompleksi:<\/b> Cilt bariyerini g\u00fc\u00e7lendirir, ince \u00e7izgilerin g\u00f6r\u00fcn\u00fcm\u00fcn\u00fc azalt\u0131r ve cilde daha s\u0131k\u0131, sa\u011fl\u0131kl\u0131 bir g\u00f6r\u00fcn\u00fcm kazand\u0131r\u0131r.<\/p><\/li><li><p data-path-to-node=\"3,2,0\"><b data-path-to-node=\"3,2,0\" data-index-in-node=\"0\">Antioksidan G\u00fc\u00e7:<\/b> \u0130\u00e7eri\u011findeki Vitamin C (Etil Askorbik Asit) ve Niasinamid ile cilt tonunu e\u015fitler, leke g\u00f6r\u00fcn\u00fcm\u00fcn\u00fc azaltmaya yard\u0131mc\u0131 olur.<\/p><\/li><li><p data-path-to-node=\"3,3,0\"><b data-path-to-node=\"3,3,0\" data-index-in-node=\"0\">An\u0131nda Canland\u0131r\u0131c\u0131 Etki:<\/b> Tek kullan\u0131mda bile cildin nem seviyesini art\u0131rarak daha dolgun ve parlak bir g\u00f6r\u00fcn\u00fcm sunar.<\/p><\/li><\/ul>\n\t\t\t\t\t<\/div>\n\t\t\t\t\t\t<\/div>\n\t\t\t\t<\/div>\n\t\t\t\t\t<\/div>\n\t\t\t\t<\/div>\n\t\t\t\t<\/div>\n\t\t\n    <div class=\"xs_social_share_widget xs_share_url after_content \t\tmain_content  wslu-style-1 wslu-share-box-shaped wslu-fill-colored wslu-none wslu-share-horizontal wslu-theme-font-no wslu-main_content\">\n\n\t\t\n        <ul>\n\t\t\t        <\/ul>\n    <\/div> \n","protected":false},"excerpt":{"rendered":"<p>Cildiniz \u0130\u00e7in Ar\u0131 S\u00fct\u00fc I\u015f\u0131lt\u0131s\u0131 ve Vitamin Enerjisi. Dr. Ceuracle Royal Vita Propolis 33 Ampoule, donuk, yorgun ve nemsiz kalm\u0131\u015f<\/p>\n","protected":false},"featured_media":109,"comment_status":"open","ping_status":"closed","template":"","meta":{"postBodyCss":"","postBodyMargin":[],"postBodyPadding":[],"postBodyBackground":{"backgroundType":"classic","gradient":""}},"product_brand":[224],"product_cat":[199,200],"product_tag":[],"class_list":{"0":"post-79","1":"product","2":"type-product","3":"status-publish","4":"has-post-thumbnail","6":"product_brand-cerave","7":"product_cat-serumlar","8":"product_cat-vucut-gunes-kremi","10":"first","11":"instock","12":"sale","13":"shipping-taxable","14":"purchasable","15":"product-type-simple"},"_links":{"self":[{"href":"https:\/\/tema6.depodanmusteriye.com\/index.php\/wp-json\/wp\/v2\/product\/79","targetHints":{"allow":["GET"]}}],"collection":[{"href":"https:\/\/tema6.depodanmusteriye.com\/index.php\/wp-json\/wp\/v2\/product"}],"about":[{"href":"https:\/\/tema6.depodanmusteriye.com\/index.php\/wp-json\/wp\/v2\/types\/product"}],"replies":[{"embeddable":true,"href":"https:\/\/tema6.depodanmusteriye.com\/index.php\/wp-json\/wp\/v2\/comments?post=79"}],"version-history":[{"count":5,"href":"https:\/\/tema6.depodanmusteriye.com\/index.php\/wp-json\/wp\/v2\/product\/79\/revisions"}],"predecessor-version":[{"id":16971,"href":"https:\/\/tema6.depodanmusteriye.com\/index.php\/wp-json\/wp\/v2\/product\/79\/revisions\/16971"}],"wp:featuredmedia":[{"embeddable":true,"href":"https:\/\/tema6.depodanmusteriye.com\/index.php\/wp-json\/wp\/v2\/media\/109"}],"wp:attachment":[{"href":"https:\/\/tema6.depodanmusteriye.com\/index.php\/wp-json\/wp\/v2\/media?parent=79"}],"wp:term":[{"taxonomy":"product_brand","embeddable":true,"href":"https:\/\/tema6.depodanmusteriye.com\/index.php\/wp-json\/wp\/v2\/product_brand?post=79"},{"taxonomy":"product_cat","embeddable":true,"href":"https:\/\/tema6.depodanmusteriye.com\/index.php\/wp-json\/wp\/v2\/product_cat?post=79"},{"taxonomy":"product_tag","embeddable":true,"href":"https:\/\/tema6.depodanmusteriye.com\/index.php\/wp-json\/wp\/v2\/product_tag?post=79"}],"curies":[{"name":"wp","href":"https:\/\/api.w.org\/{rel}","templated":true}]}}