{"id":80,"date":"2024-10-25T11:07:00","date_gmt":"2024-10-25T11:07:00","guid":{"rendered":"https:\/\/dummy.xtemos.com\/woodmart2\/makeup-elementor\/?post_type=product&#038;p=80"},"modified":"2026-03-18T20:46:40","modified_gmt":"2026-03-18T20:46:40","slug":"peptide4-thousand-flower-mask-75ml","status":"publish","type":"product","link":"https:\/\/tema6.depodanmusteriye.com\/index.php\/urun\/peptide4-thousand-flower-mask-75ml\/","title":{"rendered":"Elemis Peptide4 Thousand Flower Mask \u2013 Ayd\u0131nlat\u0131c\u0131 ve G\u00f6zenek Ar\u0131nd\u0131r\u0131c\u0131 Y\u00fcz Maskesi"},"content":{"rendered":"\t\t<div data-elementor-type=\"wp-post\" data-elementor-id=\"80\" class=\"elementor elementor-80\">\n\t\t\t\t<div class=\"wd-negative-gap elementor-element elementor-element-a70c087 e-flex e-con-boxed e-con e-parent\" data-id=\"a70c087\" data-element_type=\"container\">\n\t\t\t\t\t<div class=\"e-con-inner\">\n\t\t\t\t<div class=\"elementor-element elementor-element-6236db4 elementor-widget elementor-widget-wd_text_block\" data-id=\"6236db4\" data-element_type=\"widget\" data-widget_type=\"wd_text_block.default\">\n\t\t\t\t<div class=\"elementor-widget-container\">\n\t\t\t\t\t\t\t<div class=\"wd-text-block reset-last-child text-left\">\n\t\t\t\n\t\t\t<p data-path-to-node=\"2\"><b data-path-to-node=\"2\" data-index-in-node=\"0\">Do\u011fan\u0131n G\u00fcc\u00fcyle Yenilenen, I\u015f\u0131lt\u0131l\u0131 bir Cilt.<\/b> Elemis Peptide4 Thousand Flower Mask, cildi derinlemesine ar\u0131nd\u0131r\u0131rken ayn\u0131 zamanda canland\u0131ran ve p\u00fcr\u00fczs\u00fczle\u015ftiren e\u015fsiz bir bak\u0131m maskesidir. \u0130\u00e7eri\u011findeki binlerce \u00e7i\u00e7e\u011fin enerjisini ta\u015f\u0131yan \"Nordic Peat\" (Kuzey Turba Yosunu) ve \u00f6zel Peptide4 teknolojisi ile yorgun g\u00f6r\u00fcnen cildi saniyeler i\u00e7inde tazeler. Ciltteki \u00f6l\u00fc h\u00fccreleri ve g\u00f6zeneklerdeki kirleri nazik\u00e7e temizleyerek daha parlak, e\u015fit tonda ve sa\u011fl\u0131kl\u0131 bir cilt g\u00f6r\u00fcn\u00fcm\u00fc sunar.<\/p><ul data-path-to-node=\"3\"><li><p data-path-to-node=\"3,0,0\"><b data-path-to-node=\"3,0,0\" data-index-in-node=\"0\">Peptide4 Teknolojisi:<\/b> Cildin do\u011fal yenilenme d\u00f6ng\u00fcs\u00fcn\u00fc destekleyerek, cildin daha s\u0131k\u0131 ve din\u00e7 g\u00f6r\u00fcnmesine yard\u0131mc\u0131 olur.<\/p><\/li><li><p data-path-to-node=\"3,1,0\"><b data-path-to-node=\"3,1,0\" data-index-in-node=\"0\">Kuzey Turba Yosunu (Nordic Peat):<\/b> Binlerce y\u0131l i\u00e7inde fermente olmu\u015f bitkisel i\u00e7eriklerle zenginle\u015fen bu i\u00e7erik, cildin asit dengesini korurken derinlemesine ar\u0131nma sa\u011flar.<\/p><\/li><li><p data-path-to-node=\"3,2,0\"><b data-path-to-node=\"3,2,0\" data-index-in-node=\"0\">G\u00f6zenek S\u0131k\u0131la\u015ft\u0131r\u0131c\u0131 Etki:<\/b> Siyah nokta ve g\u00f6zenek g\u00f6r\u00fcn\u00fcm\u00fcn\u00fc minimize eder, cilt dokusunu rafine ederek ipeksi bir yumu\u015fakl\u0131k kazand\u0131r\u0131r.<\/p><\/li><li><p data-path-to-node=\"3,3,0\"><b data-path-to-node=\"3,3,0\" data-index-in-node=\"0\">Nem Dengeleyici:<\/b> Kil maskelerinin aksine cildi kurutmadan temizler; cildin nem bariyerini koruyarak \u0131\u015f\u0131lt\u0131l\u0131 bir biti\u015f sa\u011flar.<\/p><\/li><\/ul>\n\t\t\t\t\t<\/div>\n\t\t\t\t\t\t<\/div>\n\t\t\t\t<\/div>\n\t\t\t\t\t<\/div>\n\t\t\t\t<\/div>\n\t\t\t\t<\/div>\n\t\t\n    <div class=\"xs_social_share_widget xs_share_url after_content \t\tmain_content  wslu-style-1 wslu-share-box-shaped wslu-fill-colored wslu-none wslu-share-horizontal wslu-theme-font-no wslu-main_content\">\n\n\t\t\n        <ul>\n\t\t\t        <\/ul>\n    <\/div> \n","protected":false},"excerpt":{"rendered":"<p>Do\u011fan\u0131n G\u00fcc\u00fcyle Yenilenen, I\u015f\u0131lt\u0131l\u0131 bir Cilt. Elemis Peptide4 Thousand Flower Mask, cildi derinlemesine ar\u0131nd\u0131r\u0131rken ayn\u0131 zamanda canland\u0131ran ve p\u00fcr\u00fczs\u00fczle\u015ftiren e\u015fsiz<\/p>\n","protected":false},"featured_media":110,"comment_status":"open","ping_status":"closed","template":"","meta":{"postBodyCss":"","postBodyMargin":[],"postBodyPadding":[],"postBodyBackground":{"backgroundType":"classic","gradient":""}},"product_brand":[225],"product_cat":[201,196],"product_tag":[],"class_list":{"0":"post-80","1":"product","2":"type-product","3":"status-publish","4":"has-post-thumbnail","6":"product_brand-mizon","7":"product_cat-kremler-cilt-bakimi","8":"product_cat-yuz-gunes-kremi","10":"first","11":"instock","12":"shipping-taxable","13":"purchasable","14":"product-type-simple"},"_links":{"self":[{"href":"https:\/\/tema6.depodanmusteriye.com\/index.php\/wp-json\/wp\/v2\/product\/80","targetHints":{"allow":["GET"]}}],"collection":[{"href":"https:\/\/tema6.depodanmusteriye.com\/index.php\/wp-json\/wp\/v2\/product"}],"about":[{"href":"https:\/\/tema6.depodanmusteriye.com\/index.php\/wp-json\/wp\/v2\/types\/product"}],"replies":[{"embeddable":true,"href":"https:\/\/tema6.depodanmusteriye.com\/index.php\/wp-json\/wp\/v2\/comments?post=80"}],"version-history":[{"count":5,"href":"https:\/\/tema6.depodanmusteriye.com\/index.php\/wp-json\/wp\/v2\/product\/80\/revisions"}],"predecessor-version":[{"id":16976,"href":"https:\/\/tema6.depodanmusteriye.com\/index.php\/wp-json\/wp\/v2\/product\/80\/revisions\/16976"}],"wp:featuredmedia":[{"embeddable":true,"href":"https:\/\/tema6.depodanmusteriye.com\/index.php\/wp-json\/wp\/v2\/media\/110"}],"wp:attachment":[{"href":"https:\/\/tema6.depodanmusteriye.com\/index.php\/wp-json\/wp\/v2\/media?parent=80"}],"wp:term":[{"taxonomy":"product_brand","embeddable":true,"href":"https:\/\/tema6.depodanmusteriye.com\/index.php\/wp-json\/wp\/v2\/product_brand?post=80"},{"taxonomy":"product_cat","embeddable":true,"href":"https:\/\/tema6.depodanmusteriye.com\/index.php\/wp-json\/wp\/v2\/product_cat?post=80"},{"taxonomy":"product_tag","embeddable":true,"href":"https:\/\/tema6.depodanmusteriye.com\/index.php\/wp-json\/wp\/v2\/product_tag?post=80"}],"curies":[{"name":"wp","href":"https:\/\/api.w.org\/{rel}","templated":true}]}}