{"id":83,"date":"2024-10-25T11:07:00","date_gmt":"2024-10-25T11:07:00","guid":{"rendered":"https:\/\/dummy.xtemos.com\/woodmart2\/makeup-elementor\/?post_type=product&#038;p=83"},"modified":"2026-03-18T20:51:12","modified_gmt":"2026-03-18T20:51:12","slug":"peptides-spring-hydra-gel-eye-patches","status":"publish","type":"product","link":"https:\/\/tema6.depodanmusteriye.com\/index.php\/urun\/peptides-spring-hydra-gel-eye-patches\/","title":{"rendered":"Youth Lab Peptides Spring Hydra-Gel Eye Patches \u2013 S\u0131k\u0131la\u015ft\u0131r\u0131c\u0131 ve K\u0131r\u0131\u015f\u0131kl\u0131k Kar\u015f\u0131t\u0131 Peptidli G\u00f6z Maskesi"},"content":{"rendered":"\t\t<div data-elementor-type=\"wp-post\" data-elementor-id=\"83\" class=\"elementor elementor-83\">\n\t\t\t\t<div class=\"wd-negative-gap elementor-element elementor-element-fd9d56d e-flex e-con-boxed e-con e-parent\" data-id=\"fd9d56d\" data-element_type=\"container\">\n\t\t\t\t\t<div class=\"e-con-inner\">\n\t\t\t\t<div class=\"elementor-element elementor-element-4d9e39e elementor-widget elementor-widget-wd_text_block\" data-id=\"4d9e39e\" data-element_type=\"widget\" data-widget_type=\"wd_text_block.default\">\n\t\t\t\t<div class=\"elementor-widget-container\">\n\t\t\t\t\t\t\t<div class=\"wd-text-block reset-last-child text-left\">\n\t\t\t\n\t\t\t<p data-path-to-node=\"2\"><b data-path-to-node=\"2\" data-index-in-node=\"0\">Bak\u0131\u015flar\u0131n\u0131zdaki Yorgunlu\u011fa Son, Gen\u00e7lik I\u015f\u0131lt\u0131s\u0131n\u0131 Geri Kazan\u0131n.<\/b> Youth Lab Peptides Spring, g\u00f6z \u00e7evresindeki hassas dokuyu an\u0131nda canland\u0131rmak ve ya\u015flanma belirtileriyle sava\u015fmak i\u00e7in geli\u015ftirilmi\u015f y\u00fcksek performansl\u0131 bir hidrojel maskedir. Zengin peptid kompleksi i\u00e7eren form\u00fcl\u00fc sayesinde, g\u00f6z alt\u0131ndaki ince \u00e7izgilerin ve k\u0131r\u0131\u015f\u0131kl\u0131klar\u0131n g\u00f6r\u00fcn\u00fcm\u00fcn\u00fc azalt\u0131rken, yer \u00e7ekimine kar\u015f\u0131 koyan bir s\u0131k\u0131la\u015fma (lifting) etkisi sunar. Sadece 20 dakikada daha dinlenmi\u015f, ayd\u0131nl\u0131k ve gen\u00e7 bir bak\u0131\u015fa sahip olman\u0131za yard\u0131mc\u0131 olur.<\/p><ul data-path-to-node=\"3\"><li><p data-path-to-node=\"3,0,0\"><b data-path-to-node=\"3,0,0\" data-index-in-node=\"0\">Geli\u015fmi\u015f Peptid Kompleksi:<\/b> Kolajen \u00fcretimini destekleyerek g\u00f6z \u00e7evresindeki elastikiyet kayb\u0131n\u0131 giderir ve cildi temelden yap\u0131land\u0131r\u0131r.<\/p><\/li><li><p data-path-to-node=\"3,1,0\"><b data-path-to-node=\"3,1,0\" data-index-in-node=\"0\">An\u0131nda Lifting (S\u0131k\u0131la\u015ft\u0131rma) Etkisi:<\/b> G\u00f6z konturunu belirginle\u015ftirir, sarkma e\u011filimi g\u00f6steren dokuyu toparlar ve daha gergin bir g\u00f6r\u00fcn\u00fcm sa\u011flar.<\/p><\/li><li><p data-path-to-node=\"3,2,0\"><b data-path-to-node=\"3,2,0\" data-index-in-node=\"0\">Yo\u011fun Hidrasyon:<\/b> Hidrojel yap\u0131s\u0131, aktif i\u00e7eriklerin cildin alt katmanlar\u0131na h\u0131zla n\u00fcfuz etmesini sa\u011flar ve nemsizlik kaynakl\u0131 \u00e7izgileri an\u0131nda dolgunla\u015ft\u0131r\u0131r.<\/p><\/li><li><p data-path-to-node=\"3,3,0\"><b data-path-to-node=\"3,3,0\" data-index-in-node=\"0\">Koyu Halka ve \u015ei\u015flik Kar\u015f\u0131t\u0131:<\/b> Yorgunluk izlerini siler, g\u00f6z alt\u0131ndaki \u00f6demin at\u0131lmas\u0131na yard\u0131mc\u0131 olarak daha ferah ve berrak bir g\u00f6r\u00fcn\u00fcm sunar.<\/p><\/li><\/ul>\n\t\t\t\t\t<\/div>\n\t\t\t\t\t\t<\/div>\n\t\t\t\t<\/div>\n\t\t\t\t\t<\/div>\n\t\t\t\t<\/div>\n\t\t\t\t<\/div>\n\t\t\n    <div class=\"xs_social_share_widget xs_share_url after_content \t\tmain_content  wslu-style-1 wslu-share-box-shaped wslu-fill-colored wslu-none wslu-share-horizontal wslu-theme-font-no wslu-main_content\">\n\n\t\t\n        <ul>\n\t\t\t        <\/ul>\n    <\/div> \n","protected":false},"excerpt":{"rendered":"<p>Bak\u0131\u015flar\u0131n\u0131zdaki Yorgunlu\u011fa Son, Gen\u00e7lik I\u015f\u0131lt\u0131s\u0131n\u0131 Geri Kazan\u0131n. Youth Lab Peptides Spring, g\u00f6z \u00e7evresindeki hassas dokuyu an\u0131nda canland\u0131rmak ve ya\u015flanma belirtileriyle<\/p>\n","protected":false},"featured_media":113,"comment_status":"open","ping_status":"closed","template":"","meta":{"postBodyCss":"","postBodyMargin":[],"postBodyPadding":[],"postBodyBackground":{"backgroundType":"classic","gradient":""}},"product_brand":[229],"product_cat":[202,200],"product_tag":[],"class_list":{"0":"post-83","1":"product","2":"type-product","3":"status-publish","4":"has-post-thumbnail","6":"product_brand-uriage","7":"product_cat-goz-bakimi","8":"product_cat-vucut-gunes-kremi","10":"first","11":"instock","12":"shipping-taxable","13":"purchasable","14":"product-type-simple"},"_links":{"self":[{"href":"https:\/\/tema6.depodanmusteriye.com\/index.php\/wp-json\/wp\/v2\/product\/83","targetHints":{"allow":["GET"]}}],"collection":[{"href":"https:\/\/tema6.depodanmusteriye.com\/index.php\/wp-json\/wp\/v2\/product"}],"about":[{"href":"https:\/\/tema6.depodanmusteriye.com\/index.php\/wp-json\/wp\/v2\/types\/product"}],"replies":[{"embeddable":true,"href":"https:\/\/tema6.depodanmusteriye.com\/index.php\/wp-json\/wp\/v2\/comments?post=83"}],"version-history":[{"count":4,"href":"https:\/\/tema6.depodanmusteriye.com\/index.php\/wp-json\/wp\/v2\/product\/83\/revisions"}],"predecessor-version":[{"id":16984,"href":"https:\/\/tema6.depodanmusteriye.com\/index.php\/wp-json\/wp\/v2\/product\/83\/revisions\/16984"}],"wp:featuredmedia":[{"embeddable":true,"href":"https:\/\/tema6.depodanmusteriye.com\/index.php\/wp-json\/wp\/v2\/media\/113"}],"wp:attachment":[{"href":"https:\/\/tema6.depodanmusteriye.com\/index.php\/wp-json\/wp\/v2\/media?parent=83"}],"wp:term":[{"taxonomy":"product_brand","embeddable":true,"href":"https:\/\/tema6.depodanmusteriye.com\/index.php\/wp-json\/wp\/v2\/product_brand?post=83"},{"taxonomy":"product_cat","embeddable":true,"href":"https:\/\/tema6.depodanmusteriye.com\/index.php\/wp-json\/wp\/v2\/product_cat?post=83"},{"taxonomy":"product_tag","embeddable":true,"href":"https:\/\/tema6.depodanmusteriye.com\/index.php\/wp-json\/wp\/v2\/product_tag?post=83"}],"curies":[{"name":"wp","href":"https:\/\/api.w.org\/{rel}","templated":true}]}}