{"id":85,"date":"2024-10-25T11:07:00","date_gmt":"2024-10-25T11:07:00","guid":{"rendered":"https:\/\/dummy.xtemos.com\/woodmart2\/makeup-elementor\/?post_type=product&#038;p=85"},"modified":"2026-03-18T20:57:38","modified_gmt":"2026-03-18T20:57:38","slug":"body-energizing-talasso-scrub-700g","status":"publish","type":"product","link":"https:\/\/tema6.depodanmusteriye.com\/index.php\/urun\/body-energizing-talasso-scrub-700g\/","title":{"rendered":"Collistar Energizing Talasso-Scrub \u2013 Canland\u0131r\u0131c\u0131 ve Yenileyici Deniz Tuzlu V\u00fccut Peelingi"},"content":{"rendered":"\t\t<div data-elementor-type=\"wp-post\" data-elementor-id=\"85\" class=\"elementor elementor-85\">\n\t\t\t\t<div class=\"wd-negative-gap elementor-element elementor-element-d79cb42 e-flex e-con-boxed e-con e-parent\" data-id=\"d79cb42\" data-element_type=\"container\">\n\t\t\t\t\t<div class=\"e-con-inner\">\n\t\t\t\t<div class=\"elementor-element elementor-element-19573f6 elementor-widget elementor-widget-wd_text_block\" data-id=\"19573f6\" data-element_type=\"widget\" data-widget_type=\"wd_text_block.default\">\n\t\t\t\t<div class=\"elementor-widget-container\">\n\t\t\t\t\t\t\t<div class=\"wd-text-block reset-last-child text-left\">\n\t\t\t\n\t\t\t<p data-path-to-node=\"2\"><b data-path-to-node=\"2\" data-index-in-node=\"0\">Banyonuzda \u0130talyan Spa Deneyimi, \u0130peksi Bir Cilt.<\/b> Collistar Energizing Talasso-Scrub, deniz terapisinin (thalassotherapy) iyile\u015ftirici g\u00fcc\u00fc ile de\u011ferli esansiyel ya\u011flar\u0131n aromaterapik etkisini birle\u015ftiren ger\u00e7ek bir cilt bak\u0131m efsanesidir. 90 farkl\u0131 deniz tuzu kristali i\u00e7eren form\u00fcl\u00fcyle cildi \u00f6l\u00fc h\u00fccrelerden ar\u0131nd\u0131r\u0131rken, i\u00e7eri\u011findeki zengin bitkisel ya\u011flar sayesinde cildi derinlemesine besler. Tek kullan\u0131mda bile cilde inan\u0131lmaz bir yumu\u015fakl\u0131k, p\u00fcr\u00fczs\u00fczl\u00fck ve canl\u0131l\u0131k kazand\u0131r\u0131r.<\/p><ul data-path-to-node=\"3\"><li><p data-path-to-node=\"3,0,0\"><b data-path-to-node=\"3,0,0\" data-index-in-node=\"0\">D\u00f6rt Etkili Bak\u0131m:<\/b> Peeling (ar\u0131nd\u0131rma), Yenileme (h\u00fccre yenilenmesi), Ayd\u0131nlatma (p\u00fcr\u00fczs\u00fczl\u00fck) ve Nemlendirme (besleyici ya\u011flar) etkilerini tek bir kavanozda sunar.<\/p><\/li><li><p data-path-to-node=\"3,1,0\"><b data-path-to-node=\"3,1,0\" data-index-in-node=\"0\">90 \u00c7e\u015fit Deniz Tuzu:<\/b> Farkl\u0131 boyutlardaki tuz kristalleri, cildi tahri\u015f etmeden en etkili eksfoliasyonu sa\u011flar.<\/p><\/li><li><p data-path-to-node=\"3,2,0\"><b data-path-to-node=\"3,2,0\" data-index-in-node=\"0\">Aromaterapik Esansiyel Ya\u011flar:<\/b> Portakal, nane ve biberiye gibi canland\u0131r\u0131c\u0131 ya\u011flar ile hem cildinizi hem de ruhunuzu tazeler, enerji verir.<\/p><\/li><li><p data-path-to-node=\"3,3,0\"><b data-path-to-node=\"3,3,0\" data-index-in-node=\"0\">Nem Deste\u011fi:<\/b> \u0130\u00e7eri\u011findeki f\u0131nd\u0131k, avokado ve macadamia ya\u011flar\u0131 sayesinde i\u015flem sonras\u0131 cildinizi nemlendirmenize gerek kalmaz; cilt \u00fczerinde koruyucu ve yumu\u015fak bir tabaka b\u0131rak\u0131r.<\/p><\/li><\/ul>\n\t\t\t\t\t<\/div>\n\t\t\t\t\t\t<\/div>\n\t\t\t\t<\/div>\n\t\t\t\t\t<\/div>\n\t\t\t\t<\/div>\n\t\t\t\t<\/div>\n\t\t\n    <div class=\"xs_social_share_widget xs_share_url after_content \t\tmain_content  wslu-style-1 wslu-share-box-shaped wslu-fill-colored wslu-none wslu-share-horizontal wslu-theme-font-no wslu-main_content\">\n\n\t\t\n        <ul>\n\t\t\t        <\/ul>\n    <\/div> \n","protected":false},"excerpt":{"rendered":"<p>Banyonuzda \u0130talyan Spa Deneyimi, \u0130peksi Bir Cilt. Collistar Energizing Talasso-Scrub, deniz terapisinin (thalassotherapy) iyile\u015ftirici g\u00fcc\u00fc ile de\u011ferli esansiyel ya\u011flar\u0131n aromaterapik<\/p>\n","protected":false},"featured_media":115,"comment_status":"open","ping_status":"closed","template":"","meta":{"postBodyCss":"","postBodyMargin":[],"postBodyPadding":[],"postBodyBackground":{"backgroundType":"classic","gradient":""}},"product_brand":[225],"product_cat":[208,207],"product_tag":[],"class_list":{"0":"post-85","1":"product","2":"type-product","3":"status-publish","4":"has-post-thumbnail","6":"product_brand-mizon","7":"product_cat-kremler","8":"product_cat-sac-kremleri","10":"first","11":"instock","12":"shipping-taxable","13":"purchasable","14":"product-type-simple"},"_links":{"self":[{"href":"https:\/\/tema6.depodanmusteriye.com\/index.php\/wp-json\/wp\/v2\/product\/85","targetHints":{"allow":["GET"]}}],"collection":[{"href":"https:\/\/tema6.depodanmusteriye.com\/index.php\/wp-json\/wp\/v2\/product"}],"about":[{"href":"https:\/\/tema6.depodanmusteriye.com\/index.php\/wp-json\/wp\/v2\/types\/product"}],"replies":[{"embeddable":true,"href":"https:\/\/tema6.depodanmusteriye.com\/index.php\/wp-json\/wp\/v2\/comments?post=85"}],"version-history":[{"count":5,"href":"https:\/\/tema6.depodanmusteriye.com\/index.php\/wp-json\/wp\/v2\/product\/85\/revisions"}],"predecessor-version":[{"id":16994,"href":"https:\/\/tema6.depodanmusteriye.com\/index.php\/wp-json\/wp\/v2\/product\/85\/revisions\/16994"}],"wp:featuredmedia":[{"embeddable":true,"href":"https:\/\/tema6.depodanmusteriye.com\/index.php\/wp-json\/wp\/v2\/media\/115"}],"wp:attachment":[{"href":"https:\/\/tema6.depodanmusteriye.com\/index.php\/wp-json\/wp\/v2\/media?parent=85"}],"wp:term":[{"taxonomy":"product_brand","embeddable":true,"href":"https:\/\/tema6.depodanmusteriye.com\/index.php\/wp-json\/wp\/v2\/product_brand?post=85"},{"taxonomy":"product_cat","embeddable":true,"href":"https:\/\/tema6.depodanmusteriye.com\/index.php\/wp-json\/wp\/v2\/product_cat?post=85"},{"taxonomy":"product_tag","embeddable":true,"href":"https:\/\/tema6.depodanmusteriye.com\/index.php\/wp-json\/wp\/v2\/product_tag?post=85"}],"curies":[{"name":"wp","href":"https:\/\/api.w.org\/{rel}","templated":true}]}}