{"id":86,"date":"2024-10-25T11:07:00","date_gmt":"2024-10-25T11:07:00","guid":{"rendered":"https:\/\/dummy.xtemos.com\/woodmart2\/makeup-elementor\/?post_type=product&#038;p=86"},"modified":"2026-03-18T21:36:20","modified_gmt":"2026-03-18T21:36:20","slug":"moisturizing-lotion-dry-to-very-dry-skin","status":"publish","type":"product","link":"https:\/\/tema6.depodanmusteriye.com\/index.php\/urun\/moisturizing-lotion-dry-to-very-dry-skin\/","title":{"rendered":"CeraVe Moisturising Lotion \u2013 Kuru ve \u00c7ok Kuru Ciltler \u0130\u00e7in Seramid ve Hyal\u00fcronik Asit \u0130\u00e7erikli Nemlendirici Losyon (1 Litre)"},"content":{"rendered":"\t\t<div data-elementor-type=\"wp-post\" data-elementor-id=\"86\" class=\"elementor elementor-86\">\n\t\t\t\t<div class=\"wd-negative-gap elementor-element elementor-element-9e95e66 e-flex e-con-boxed e-con e-parent\" data-id=\"9e95e66\" data-element_type=\"container\">\n\t\t\t\t\t<div class=\"e-con-inner\">\n\t\t\t\t<div class=\"elementor-element elementor-element-2614376 elementor-widget elementor-widget-wd_text_block\" data-id=\"2614376\" data-element_type=\"widget\" data-widget_type=\"wd_text_block.default\">\n\t\t\t\t<div class=\"elementor-widget-container\">\n\t\t\t\t\t\t\t<div class=\"wd-text-block reset-last-child text-left\">\n\t\t\t\n\t\t\t<p data-path-to-node=\"2\"><b data-path-to-node=\"2\" data-index-in-node=\"0\">Cilt Bariyerinizi Onaran, 24 Saat S\u00fcren Yo\u011fun Nemlendirme.<\/b> CeraVe Nemlendirici Losyon, dermatologlarla birlikte geli\u015ftirilmi\u015f \u00f6zel form\u00fcl\u00fcyle cildi nemlendirirken koruyucu cilt bariyerinin onar\u0131lmas\u0131na yard\u0131mc\u0131 olur. Hafif ve ya\u011fl\u0131 his b\u0131rakmayan yap\u0131s\u0131 sayesinde hem y\u00fcz hem de t\u00fcm v\u00fccut kullan\u0131m\u0131 i\u00e7in idealdir. \u0130\u00e7eri\u011findeki kontroll\u00fc sal\u0131n\u0131m teknolojisi (MVE), aktif bile\u015fenlerin g\u00fcn boyu ciltte kalmas\u0131n\u0131 sa\u011flayarak uzun s\u00fcreli bir ferahl\u0131k ve yumu\u015fakl\u0131k sunar.<\/p><ul data-path-to-node=\"3\"><li><p data-path-to-node=\"3,0,0\"><b data-path-to-node=\"3,0,0\" data-index-in-node=\"0\">3 Temel Seramid:<\/b> Cildin do\u011fal bariyerini korumak ve onarmak i\u00e7in gerekli olan 3 temel seramid (1, 3 ve 6-II) ile form\u00fcle edilmi\u015ftir.<\/p><\/li><li><p data-path-to-node=\"3,1,0\"><b data-path-to-node=\"3,1,0\" data-index-in-node=\"0\">Hyal\u00fcronik Asit:<\/b> Cildin do\u011fal nemini korumaya yard\u0131mc\u0131 olur, cildi dolgunla\u015ft\u0131r\u0131r ve nemsizlik kaynakl\u0131 gerginli\u011fi an\u0131nda giderir.<\/p><\/li><li><p data-path-to-node=\"3,2,0\"><b data-path-to-node=\"3,2,0\" data-index-in-node=\"0\">Parf\u00fcms\u00fcz ve Hassas:<\/b> Alerji testlerinden ge\u00e7mi\u015f, parf\u00fcms\u00fcz yap\u0131s\u0131 ile en hassas cilt tipleri dahil herkesin g\u00fcvenle kullan\u0131m\u0131na uygundur.<\/p><\/li><li><p data-path-to-node=\"3,3,0\"><b data-path-to-node=\"3,3,0\" data-index-in-node=\"0\">Ekonomik Dev Boy:<\/b> 1 litrelik (33.8 FL OZ) pompal\u0131 \u015fi\u015fesiyle t\u00fcm aile i\u00e7in uzun \u00f6m\u00fcrl\u00fc ve pratik bir kullan\u0131m sunar.<\/p><\/li><\/ul>\n\t\t\t\t\t<\/div>\n\t\t\t\t\t\t<\/div>\n\t\t\t\t<\/div>\n\t\t\t\t\t<\/div>\n\t\t\t\t<\/div>\n\t\t\t\t<\/div>\n\t\t\n    <div class=\"xs_social_share_widget xs_share_url after_content \t\tmain_content  wslu-style-1 wslu-share-box-shaped wslu-fill-colored wslu-none wslu-share-horizontal wslu-theme-font-no wslu-main_content\">\n\n\t\t\n        <ul>\n\t\t\t        <\/ul>\n    <\/div> \n","protected":false},"excerpt":{"rendered":"<p>Cilt Bariyerinizi Onaran, 24 Saat S\u00fcren Yo\u011fun Nemlendirme. CeraVe Nemlendirici Losyon, dermatologlarla birlikte geli\u015ftirilmi\u015f \u00f6zel form\u00fcl\u00fcyle cildi nemlendirirken koruyucu cilt<\/p>\n","protected":false},"featured_media":116,"comment_status":"open","ping_status":"closed","template":"","meta":{"postBodyCss":"","postBodyMargin":[],"postBodyPadding":[],"postBodyBackground":{"backgroundType":"classic","gradient":""}},"product_brand":[224],"product_cat":[210,209],"product_tag":[],"class_list":{"0":"post-86","1":"product","2":"type-product","3":"status-publish","4":"has-post-thumbnail","6":"product_brand-cerave","7":"product_cat-sac-maskeleri","8":"product_cat-vucut-losyonlari","10":"first","11":"instock","12":"shipping-taxable","13":"purchasable","14":"product-type-simple"},"_links":{"self":[{"href":"https:\/\/tema6.depodanmusteriye.com\/index.php\/wp-json\/wp\/v2\/product\/86","targetHints":{"allow":["GET"]}}],"collection":[{"href":"https:\/\/tema6.depodanmusteriye.com\/index.php\/wp-json\/wp\/v2\/product"}],"about":[{"href":"https:\/\/tema6.depodanmusteriye.com\/index.php\/wp-json\/wp\/v2\/types\/product"}],"replies":[{"embeddable":true,"href":"https:\/\/tema6.depodanmusteriye.com\/index.php\/wp-json\/wp\/v2\/comments?post=86"}],"version-history":[{"count":4,"href":"https:\/\/tema6.depodanmusteriye.com\/index.php\/wp-json\/wp\/v2\/product\/86\/revisions"}],"predecessor-version":[{"id":16998,"href":"https:\/\/tema6.depodanmusteriye.com\/index.php\/wp-json\/wp\/v2\/product\/86\/revisions\/16998"}],"wp:featuredmedia":[{"embeddable":true,"href":"https:\/\/tema6.depodanmusteriye.com\/index.php\/wp-json\/wp\/v2\/media\/116"}],"wp:attachment":[{"href":"https:\/\/tema6.depodanmusteriye.com\/index.php\/wp-json\/wp\/v2\/media?parent=86"}],"wp:term":[{"taxonomy":"product_brand","embeddable":true,"href":"https:\/\/tema6.depodanmusteriye.com\/index.php\/wp-json\/wp\/v2\/product_brand?post=86"},{"taxonomy":"product_cat","embeddable":true,"href":"https:\/\/tema6.depodanmusteriye.com\/index.php\/wp-json\/wp\/v2\/product_cat?post=86"},{"taxonomy":"product_tag","embeddable":true,"href":"https:\/\/tema6.depodanmusteriye.com\/index.php\/wp-json\/wp\/v2\/product_tag?post=86"}],"curies":[{"name":"wp","href":"https:\/\/api.w.org\/{rel}","templated":true}]}}