{"id":87,"date":"2024-10-25T11:07:00","date_gmt":"2024-10-25T11:07:00","guid":{"rendered":"https:\/\/dummy.xtemos.com\/woodmart2\/makeup-elementor\/?post_type=product&#038;p=87"},"modified":"2026-03-18T21:39:11","modified_gmt":"2026-03-18T21:39:11","slug":"polo-blue-eau-de-toilette","status":"publish","type":"product","link":"https:\/\/tema6.depodanmusteriye.com\/index.php\/urun\/polo-blue-eau-de-toilette\/","title":{"rendered":"Ralph Lauren Polo Blue \u2013 Ferah ve Mask\u00fclen EdT Erkek Parf\u00fcm\u00fc"},"content":{"rendered":"\t\t<div data-elementor-type=\"wp-post\" data-elementor-id=\"87\" class=\"elementor elementor-87\">\n\t\t\t\t<div class=\"wd-negative-gap elementor-element elementor-element-24eda56 e-flex e-con-boxed e-con e-parent\" data-id=\"24eda56\" data-element_type=\"container\">\n\t\t\t\t\t<div class=\"e-con-inner\">\n\t\t\t\t<div class=\"elementor-element elementor-element-74a190d elementor-widget elementor-widget-wd_text_block\" data-id=\"74a190d\" data-element_type=\"widget\" data-widget_type=\"wd_text_block.default\">\n\t\t\t\t<div class=\"elementor-widget-container\">\n\t\t\t\t\t\t\t<div class=\"wd-text-block reset-last-child text-left\">\n\t\t\t\n\t\t\t<p data-path-to-node=\"2\"><b data-path-to-node=\"2\" data-index-in-node=\"0\">Sonsuz \u00d6zg\u00fcrl\u00fck ve Denizin Ferahl\u0131\u011f\u0131.<\/b> Ralph Lauren Polo Blue, a\u00e7\u0131k denizlerin enerjisini ve kristal mavisi g\u00f6ky\u00fcz\u00fcn\u00fcn \u00f6zg\u00fcrl\u00fc\u011f\u00fcn\u00fc teninize ta\u015f\u0131yor. Hem spor hem de klasik tarz\u0131 benimseyen modern erkekler i\u00e7in tasarlanan bu koku, ferahlat\u0131c\u0131 notalar\u0131yla g\u00fcn boyu s\u00fcren bir canl\u0131l\u0131k ve mask\u00fclen bir zarafet sunar. \u015e\u0131k mavi \u015fi\u015fesiyle bir d\u00fcnya klasi\u011fi haline gelen Polo Blue, her an\u0131n\u0131za e\u015flik edecek zamans\u0131z ve etkileyici bir imzad\u0131r.<\/p><ul data-path-to-node=\"3\"><li><p data-path-to-node=\"3,0,0\"><b data-path-to-node=\"3,0,0\" data-index-in-node=\"0\">Koku Karakteri:<\/b> Kavun, taze h\u0131yar ve mandalinan\u0131n canland\u0131r\u0131c\u0131 \u00fcst notalar\u0131, sardunya ve fesle\u011fenin aromatik kalbiyle m\u00fckemmel bir denge olu\u015fturur.<\/p><\/li><li><p data-path-to-node=\"3,1,0\"><b data-path-to-node=\"3,1,0\" data-index-in-node=\"0\">Derin ve Kal\u0131c\u0131:<\/b> Alt notalardaki yumu\u015fak s\u00fcet, misk ve egzotik odunsu dokunu\u015flar parf\u00fcme karakter, derinlik ve kal\u0131c\u0131l\u0131k katar.<\/p><\/li><li><p data-path-to-node=\"3,2,0\"><b data-path-to-node=\"3,2,0\" data-index-in-node=\"0\">\u0130konik Tasar\u0131m:<\/b> G\u00fcm\u00fc\u015f detayl\u0131 kobalt mavisi cam \u015fi\u015fesi, Ralph Lauren markas\u0131n\u0131n prestijini ve deniz tutkusunu simgeleyen estetik bir sanat eseridir.<\/p><\/li><\/ul>\n\t\t\t\t\t<\/div>\n\t\t\t\t\t\t<\/div>\n\t\t\t\t<\/div>\n\t\t\t\t\t<\/div>\n\t\t\t\t<\/div>\n\t\t\t\t<\/div>\n\t\t\n    <div class=\"xs_social_share_widget xs_share_url after_content \t\tmain_content  wslu-style-1 wslu-share-box-shaped wslu-fill-colored wslu-none wslu-share-horizontal wslu-theme-font-no wslu-main_content\">\n\n\t\t\n        <ul>\n\t\t\t        <\/ul>\n    <\/div> \n","protected":false},"excerpt":{"rendered":"<p>Sonsuz \u00d6zg\u00fcrl\u00fck ve Denizin Ferahl\u0131\u011f\u0131. Ralph Lauren Polo Blue, a\u00e7\u0131k denizlerin enerjisini ve kristal mavisi g\u00f6ky\u00fcz\u00fcn\u00fcn \u00f6zg\u00fcrl\u00fc\u011f\u00fcn\u00fc teninize ta\u015f\u0131yor. Hem<\/p>\n","protected":false},"featured_media":117,"comment_status":"open","ping_status":"closed","template":"","meta":{"postBodyCss":"","postBodyMargin":[],"postBodyPadding":[],"postBodyBackground":{"backgroundType":"classic","gradient":""}},"product_brand":[226],"product_cat":[211,212],"product_tag":[],"class_list":{"0":"post-87","1":"product","2":"type-product","3":"status-publish","4":"has-post-thumbnail","6":"product_brand-payot","7":"product_cat-parfumler","8":"product_cat-stil","10":"first","11":"instock","12":"shipping-taxable","13":"purchasable","14":"product-type-simple"},"_links":{"self":[{"href":"https:\/\/tema6.depodanmusteriye.com\/index.php\/wp-json\/wp\/v2\/product\/87","targetHints":{"allow":["GET"]}}],"collection":[{"href":"https:\/\/tema6.depodanmusteriye.com\/index.php\/wp-json\/wp\/v2\/product"}],"about":[{"href":"https:\/\/tema6.depodanmusteriye.com\/index.php\/wp-json\/wp\/v2\/types\/product"}],"replies":[{"embeddable":true,"href":"https:\/\/tema6.depodanmusteriye.com\/index.php\/wp-json\/wp\/v2\/comments?post=87"}],"version-history":[{"count":4,"href":"https:\/\/tema6.depodanmusteriye.com\/index.php\/wp-json\/wp\/v2\/product\/87\/revisions"}],"predecessor-version":[{"id":17002,"href":"https:\/\/tema6.depodanmusteriye.com\/index.php\/wp-json\/wp\/v2\/product\/87\/revisions\/17002"}],"wp:featuredmedia":[{"embeddable":true,"href":"https:\/\/tema6.depodanmusteriye.com\/index.php\/wp-json\/wp\/v2\/media\/117"}],"wp:attachment":[{"href":"https:\/\/tema6.depodanmusteriye.com\/index.php\/wp-json\/wp\/v2\/media?parent=87"}],"wp:term":[{"taxonomy":"product_brand","embeddable":true,"href":"https:\/\/tema6.depodanmusteriye.com\/index.php\/wp-json\/wp\/v2\/product_brand?post=87"},{"taxonomy":"product_cat","embeddable":true,"href":"https:\/\/tema6.depodanmusteriye.com\/index.php\/wp-json\/wp\/v2\/product_cat?post=87"},{"taxonomy":"product_tag","embeddable":true,"href":"https:\/\/tema6.depodanmusteriye.com\/index.php\/wp-json\/wp\/v2\/product_tag?post=87"}],"curies":[{"name":"wp","href":"https:\/\/api.w.org\/{rel}","templated":true}]}}