{"id":88,"date":"2024-10-25T11:07:00","date_gmt":"2024-10-25T11:07:00","guid":{"rendered":"https:\/\/dummy.xtemos.com\/woodmart2\/makeup-elementor\/?post_type=product&#038;p=88"},"modified":"2026-03-16T01:54:47","modified_gmt":"2026-03-16T01:54:47","slug":"hugo-man-eau-de-toilette","status":"publish","type":"product","link":"https:\/\/tema6.depodanmusteriye.com\/index.php\/urun\/hugo-man-eau-de-toilette\/","title":{"rendered":"Hugo Boss Hugo Man \u2013 EDT 200 ml Erkek Parf\u00fcm\u00fc"},"content":{"rendered":"\t\t<div data-elementor-type=\"wp-post\" data-elementor-id=\"88\" class=\"elementor elementor-88\">\n\t\t\t\t<div class=\"wd-negative-gap elementor-element elementor-element-6769486 e-flex e-con-boxed e-con e-parent\" data-id=\"6769486\" data-element_type=\"container\">\n\t\t\t\t\t<div class=\"e-con-inner\">\n\t\t\t\t<div class=\"elementor-element elementor-element-60f9730 elementor-widget elementor-widget-wd_text_block\" data-id=\"60f9730\" data-element_type=\"widget\" data-widget_type=\"wd_text_block.default\">\n\t\t\t\t<div class=\"elementor-widget-container\">\n\t\t\t\t\t\t\t<div class=\"wd-text-block reset-last-child text-left\">\n\t\t\t\n\t\t\t<p data-path-to-node=\"2\"><b data-path-to-node=\"2\" data-index-in-node=\"0\">Kendi Kurallar\u0131n\u0131 Koyan Erkeklerin Zamans\u0131z \u0130mzas\u0131.<\/b> Hugo Boss'un ikonikle\u015fmi\u015f \"matara\" tasar\u0131ml\u0131 Hugo Man parf\u00fcm\u00fc, \u00f6zg\u00fcr ruhlu, macerac\u0131 ve modern erkekler i\u00e7in tasarlanm\u0131\u015f taze ve mask\u00fclen bir klasiktir. Enerji dolu notalar\u0131yla hem g\u00fcnl\u00fck kullan\u0131mda hem de \u00f6zel anlarda fark edilmenizi sa\u011flayan bu koku, do\u011fan\u0131n tazeli\u011fini modern \u015fehir hayat\u0131yla birle\u015ftirir.<\/p><ul data-path-to-node=\"3\"><li><p data-path-to-node=\"3,0,0\"><b data-path-to-node=\"3,0,0\" data-index-in-node=\"0\">Ferah ve Odunsu Notalar:<\/b> \u00dcst notalarda ye\u015fil elman\u0131n gevrek tazeli\u011fi ile a\u00e7\u0131l\u0131\u015f yapar; kalp notalar\u0131nda aromatik bitkilerle zenginle\u015fir ve alt notalarda \u00e7am, k\u00f6knar ve de\u011ferli odunsu \u00f6zlerle derinlik kazan\u0131r.<\/p><\/li><li><p data-path-to-node=\"3,1,0\"><b data-path-to-node=\"3,1,0\" data-index-in-node=\"0\">\u0130konik Matara Tasar\u0131m\u0131:<\/b> Macerac\u0131 ruhu temsil eden \u015f\u0131k ve ergonomik \u015fi\u015fesi, stilinizi banyonuzda veya \u00e7antan\u0131zda dahi yans\u0131t\u0131r.<\/p><\/li><li><p data-path-to-node=\"3,2,0\"><b data-path-to-node=\"3,2,0\" data-index-in-node=\"0\">G\u00fcn\u00fcn Her An\u0131na Uygun:<\/b> Temiz, dinamik ve ferahlat\u0131c\u0131 yap\u0131s\u0131 sayesinde ofisten spora, hafta sonu gezilerinden ak\u015fam yemeklerine kadar her ortama m\u00fckemmel uyum sa\u011flar.<\/p><\/li><li><p data-path-to-node=\"3,3,0\"><b data-path-to-node=\"3,3,0\" data-index-in-node=\"0\">B\u00fcy\u00fck Boy Avantaj\u0131:<\/b> 200 ml'lik \u00f6zel boyutuyla uzun s\u00fcreli kullan\u0131m sunar ve imza kokunuzun her zaman yan\u0131n\u0131zda olmas\u0131n\u0131 sa\u011flar.<\/p><\/li><\/ul>\n\t\t\t\t\t<\/div>\n\t\t\t\t\t\t<\/div>\n\t\t\t\t<\/div>\n\t\t\t\t\t<\/div>\n\t\t\t\t<\/div>\n\t\t\t\t<\/div>\n\t\t\n    <div class=\"xs_social_share_widget xs_share_url after_content \t\tmain_content  wslu-style-1 wslu-share-box-shaped wslu-fill-colored wslu-none wslu-share-horizontal wslu-theme-font-no wslu-main_content\">\n\n\t\t\n        <ul>\n\t\t\t        <\/ul>\n    <\/div> \n","protected":false},"excerpt":{"rendered":"<p>Kendi Kurallar\u0131n\u0131 Koyan Erkeklerin Zamans\u0131z \u0130mzas\u0131. Hugo Boss&#8217;un ikonikle\u015fmi\u015f &#8220;matara&#8221; tasar\u0131ml\u0131 Hugo Man parf\u00fcm\u00fc, \u00f6zg\u00fcr ruhlu, macerac\u0131 ve modern erkekler<\/p>\n","protected":false},"featured_media":118,"comment_status":"open","ping_status":"closed","template":"","meta":{"postBodyCss":"","postBodyMargin":[],"postBodyPadding":[],"postBodyBackground":{"backgroundType":"classic","gradient":""}},"product_brand":[229],"product_cat":[211,213],"product_tag":[],"class_list":{"0":"post-88","1":"product","2":"type-product","3":"status-publish","4":"has-post-thumbnail","6":"product_brand-uriage","7":"product_cat-parfumler","8":"product_cat-sampuanlar","10":"first","11":"instock","12":"shipping-taxable","13":"purchasable","14":"product-type-simple"},"_links":{"self":[{"href":"https:\/\/tema6.depodanmusteriye.com\/index.php\/wp-json\/wp\/v2\/product\/88","targetHints":{"allow":["GET"]}}],"collection":[{"href":"https:\/\/tema6.depodanmusteriye.com\/index.php\/wp-json\/wp\/v2\/product"}],"about":[{"href":"https:\/\/tema6.depodanmusteriye.com\/index.php\/wp-json\/wp\/v2\/types\/product"}],"replies":[{"embeddable":true,"href":"https:\/\/tema6.depodanmusteriye.com\/index.php\/wp-json\/wp\/v2\/comments?post=88"}],"version-history":[{"count":4,"href":"https:\/\/tema6.depodanmusteriye.com\/index.php\/wp-json\/wp\/v2\/product\/88\/revisions"}],"predecessor-version":[{"id":16960,"href":"https:\/\/tema6.depodanmusteriye.com\/index.php\/wp-json\/wp\/v2\/product\/88\/revisions\/16960"}],"wp:featuredmedia":[{"embeddable":true,"href":"https:\/\/tema6.depodanmusteriye.com\/index.php\/wp-json\/wp\/v2\/media\/118"}],"wp:attachment":[{"href":"https:\/\/tema6.depodanmusteriye.com\/index.php\/wp-json\/wp\/v2\/media?parent=88"}],"wp:term":[{"taxonomy":"product_brand","embeddable":true,"href":"https:\/\/tema6.depodanmusteriye.com\/index.php\/wp-json\/wp\/v2\/product_brand?post=88"},{"taxonomy":"product_cat","embeddable":true,"href":"https:\/\/tema6.depodanmusteriye.com\/index.php\/wp-json\/wp\/v2\/product_cat?post=88"},{"taxonomy":"product_tag","embeddable":true,"href":"https:\/\/tema6.depodanmusteriye.com\/index.php\/wp-json\/wp\/v2\/product_tag?post=88"}],"curies":[{"name":"wp","href":"https:\/\/api.w.org\/{rel}","templated":true}]}}