{"id":89,"date":"2024-10-25T11:07:00","date_gmt":"2024-10-25T11:07:00","guid":{"rendered":"https:\/\/dummy.xtemos.com\/woodmart2\/makeup-elementor\/?post_type=product&#038;p=89"},"modified":"2026-03-16T01:56:56","modified_gmt":"2026-03-16T01:56:56","slug":"purifying-verbena-hydrating-aloe-vera-gel-hand-soap","status":"publish","type":"product","link":"https:\/\/tema6.depodanmusteriye.com\/index.php\/urun\/purifying-verbena-hydrating-aloe-vera-gel-hand-soap\/","title":{"rendered":"HAAN Hand Soap Purifying Verbena \u2013 Ar\u0131nd\u0131r\u0131c\u0131 ve Nemlendirici S\u0131v\u0131 El Sabunu"},"content":{"rendered":"\t\t<div data-elementor-type=\"wp-post\" data-elementor-id=\"89\" class=\"elementor elementor-89\">\n\t\t\t\t<div class=\"wd-negative-gap elementor-element elementor-element-2464e89 e-flex e-con-boxed e-con e-parent\" data-id=\"2464e89\" data-element_type=\"container\">\n\t\t\t\t\t<div class=\"e-con-inner\">\n\t\t\t\t<div class=\"elementor-element elementor-element-13880ee elementor-widget elementor-widget-wd_text_block\" data-id=\"13880ee\" data-element_type=\"widget\" data-widget_type=\"wd_text_block.default\">\n\t\t\t\t<div class=\"elementor-widget-container\">\n\t\t\t\t\t\t\t<div class=\"wd-text-block reset-last-child text-left\">\n\t\t\t\n\t\t\t<p data-path-to-node=\"2\"><b data-path-to-node=\"2\" data-index-in-node=\"0\">Do\u011fan\u0131n Tazeli\u011fiyle Ellerinize Premium Bak\u0131m.<\/b> HAAN Purifying Verbena, ellerinizi sadece temizlemekle kalmaz, ayn\u0131 zamanda i\u00e7eri\u011findeki %95 do\u011fal kaynakl\u0131 bile\u015fenlerle derinlemesine besler. Mine \u00e7i\u00e7e\u011finin (Verbena) ferahlat\u0131c\u0131 ve canland\u0131r\u0131c\u0131 kokusuyla her y\u0131kamada kendinizi bir \u00e7i\u00e7ek bah\u00e7esinde hissetmenizi sa\u011flayan bu sabun, modern ve minimalist tasar\u0131m\u0131yla banyonuzun en \u015f\u0131k aksesuar\u0131 olacak.<\/p><ul data-path-to-node=\"3\"><li><p data-path-to-node=\"3,0,0\"><b data-path-to-node=\"3,0,0\" data-index-in-node=\"0\">Aloe Vera ile Yo\u011fun Nemlendirme:<\/b> Form\u00fcl\u00fcndeki y\u00fcksek kaliteli Aloe Vera jeli sayesinde ellerinizi kurutmadan temizler, y\u0131kama sonras\u0131 ipeksi bir yumu\u015fakl\u0131k b\u0131rak\u0131r.<\/p><\/li><li><p data-path-to-node=\"3,1,0\"><b data-path-to-node=\"3,1,0\" data-index-in-node=\"0\">Purifying Verbena Etkisi:<\/b> Mine \u00e7i\u00e7e\u011finin ar\u0131nd\u0131r\u0131c\u0131 \u00f6zellikleri ve narenciye notalar\u0131yla birle\u015fen taze kokusu, g\u00fcn boyu s\u00fcren bir ferahl\u0131k sunar.<\/p><\/li><li><p data-path-to-node=\"3,2,0\"><b data-path-to-node=\"3,2,0\" data-index-in-node=\"0\">S\u00fcrd\u00fcr\u00fclebilir ve \u015e\u0131k Tasar\u0131m:<\/b> Tekrar doldurulabilir (refill) ambalaj yap\u0131s\u0131yla plastik t\u00fcketimini azalt\u0131r; \u00e7evre bilincini estetikle birle\u015ftirir.<\/p><\/li><li><p data-path-to-node=\"3,3,0\"><b data-path-to-node=\"3,3,0\" data-index-in-node=\"0\">Hassas Ciltlere Uygun:<\/b> Do\u011fal i\u00e7eri\u011fi sayesinde cildin pH dengesini korur; t\u00fcm cilt tipleri i\u00e7in g\u00fcnl\u00fck kullan\u0131ma uygundur.<\/p><\/li><\/ul>\n\t\t\t\t\t<\/div>\n\t\t\t\t\t\t<\/div>\n\t\t\t\t<\/div>\n\t\t\t\t\t<\/div>\n\t\t\t\t<\/div>\n\t\t\t\t<\/div>\n\t\t\n    <div class=\"xs_social_share_widget xs_share_url after_content \t\tmain_content  wslu-style-1 wslu-share-box-shaped wslu-fill-colored wslu-none wslu-share-horizontal wslu-theme-font-no wslu-main_content\">\n\n\t\t\n        <ul>\n\t\t\t        <\/ul>\n    <\/div> \n","protected":false},"excerpt":{"rendered":"<p>Do\u011fan\u0131n Tazeli\u011fiyle Ellerinize Premium Bak\u0131m. HAAN Purifying Verbena, ellerinizi sadece temizlemekle kalmaz, ayn\u0131 zamanda i\u00e7eri\u011findeki %95 do\u011fal kaynakl\u0131 bile\u015fenlerle derinlemesine<\/p>\n","protected":false},"featured_media":119,"comment_status":"open","ping_status":"closed","template":"","meta":{"postBodyCss":"","postBodyMargin":[],"postBodyPadding":[],"postBodyBackground":{"backgroundType":"classic","gradient":""}},"product_brand":[229],"product_cat":[214,207],"product_tag":[],"class_list":{"0":"post-89","1":"product","2":"type-product","3":"status-publish","4":"has-post-thumbnail","6":"product_brand-uriage","7":"product_cat-el-bakimi","8":"product_cat-sac-kremleri","10":"first","11":"instock","12":"featured","13":"shipping-taxable","14":"purchasable","15":"product-type-simple"},"_links":{"self":[{"href":"https:\/\/tema6.depodanmusteriye.com\/index.php\/wp-json\/wp\/v2\/product\/89","targetHints":{"allow":["GET"]}}],"collection":[{"href":"https:\/\/tema6.depodanmusteriye.com\/index.php\/wp-json\/wp\/v2\/product"}],"about":[{"href":"https:\/\/tema6.depodanmusteriye.com\/index.php\/wp-json\/wp\/v2\/types\/product"}],"replies":[{"embeddable":true,"href":"https:\/\/tema6.depodanmusteriye.com\/index.php\/wp-json\/wp\/v2\/comments?post=89"}],"version-history":[{"count":4,"href":"https:\/\/tema6.depodanmusteriye.com\/index.php\/wp-json\/wp\/v2\/product\/89\/revisions"}],"predecessor-version":[{"id":16964,"href":"https:\/\/tema6.depodanmusteriye.com\/index.php\/wp-json\/wp\/v2\/product\/89\/revisions\/16964"}],"wp:featuredmedia":[{"embeddable":true,"href":"https:\/\/tema6.depodanmusteriye.com\/index.php\/wp-json\/wp\/v2\/media\/119"}],"wp:attachment":[{"href":"https:\/\/tema6.depodanmusteriye.com\/index.php\/wp-json\/wp\/v2\/media?parent=89"}],"wp:term":[{"taxonomy":"product_brand","embeddable":true,"href":"https:\/\/tema6.depodanmusteriye.com\/index.php\/wp-json\/wp\/v2\/product_brand?post=89"},{"taxonomy":"product_cat","embeddable":true,"href":"https:\/\/tema6.depodanmusteriye.com\/index.php\/wp-json\/wp\/v2\/product_cat?post=89"},{"taxonomy":"product_tag","embeddable":true,"href":"https:\/\/tema6.depodanmusteriye.com\/index.php\/wp-json\/wp\/v2\/product_tag?post=89"}],"curies":[{"name":"wp","href":"https:\/\/api.w.org\/{rel}","templated":true}]}}