{"id":90,"date":"2024-10-25T11:07:00","date_gmt":"2024-10-25T11:07:00","guid":{"rendered":"https:\/\/dummy.xtemos.com\/woodmart2\/makeup-elementor\/?post_type=product&#038;p=90"},"modified":"2026-03-18T21:42:07","modified_gmt":"2026-03-18T21:42:07","slug":"infusion-vert-repairing-multi-layer-hand-cream-75ml","status":"publish","type":"product","link":"https:\/\/tema6.depodanmusteriye.com\/index.php\/urun\/infusion-vert-repairing-multi-layer-hand-cream-75ml\/","title":{"rendered":"M\u00e1dara Infusion Vert Repairing Multi-Layer Hand Cream \u2013 Onar\u0131c\u0131 ve Nemlendirici Organik El Kremi"},"content":{"rendered":"\t\t<div data-elementor-type=\"wp-post\" data-elementor-id=\"90\" class=\"elementor elementor-90\">\n\t\t\t\t<div class=\"wd-negative-gap elementor-element elementor-element-50ace4b e-flex e-con-boxed e-con e-parent\" data-id=\"50ace4b\" data-element_type=\"container\">\n\t\t\t\t\t<div class=\"e-con-inner\">\n\t\t\t\t<div class=\"elementor-element elementor-element-ef8edb2 elementor-widget elementor-widget-wd_text_block\" data-id=\"ef8edb2\" data-element_type=\"widget\" data-widget_type=\"wd_text_block.default\">\n\t\t\t\t<div class=\"elementor-widget-container\">\n\t\t\t\t\t\t\t<div class=\"wd-text-block reset-last-child text-left\">\n\t\t\t\n\t\t\t<p data-path-to-node=\"2\"><b data-path-to-node=\"2\" data-index-in-node=\"0\">Do\u011fan\u0131n \u0130yile\u015ftirici G\u00fcc\u00fcyle Ellerinize \u0130peksi Bir Dokunu\u015f.<\/b> M\u00e1dara Infusion Vert el kremi, ellerinizi d\u0131\u015f etkenlere kar\u015f\u0131 koruyan ve cildi derinlemesine onaran zengin i\u00e7erikli bir bak\u0131m \u00fcr\u00fcn\u00fcd\u00fcr. \"Neuro Wellbeing Bio-Complex\" ile form\u00fcle edilen bu kremsi yap\u0131, sadece ellerinizi nemlendirmekle kalmaz, ayn\u0131 zamanda cildin koruyucu katmanlar\u0131n\u0131 g\u00fc\u00e7lendirerek yumu\u015fak ve esnek bir g\u00f6r\u00fcn\u00fcm kazand\u0131r\u0131r. Organik sertifikal\u0131 i\u00e7eri\u011fi sayesinde cildin do\u011fal dengesini bozmadan h\u0131zl\u0131ca emilir ve ellerinizde ferah bir bitki kokusu b\u0131rak\u0131r.<\/p><ul data-path-to-node=\"3\"><li><p data-path-to-node=\"3,0,0\"><b data-path-to-node=\"3,0,0\" data-index-in-node=\"0\">Onar\u0131c\u0131 Katman Teknolojisi (Multi-Layer):<\/b> Cildin farkl\u0131 katmanlar\u0131na n\u00fcfuz ederek a\u015f\u0131r\u0131 kuru, \u00e7atlam\u0131\u015f ve y\u0131pranm\u0131\u015f elleri saniyeler i\u00e7inde rahatlat\u0131r.<\/p><\/li><li><p data-path-to-node=\"3,1,0\"><b data-path-to-node=\"3,1,0\" data-index-in-node=\"0\">Neuro Wellbeing Bio-Complex:<\/b> Cildin kendini yenileme s\u00fcrecini destekler ve stresli cilt dokusunu yat\u0131\u015ft\u0131rarak daha sa\u011fl\u0131kl\u0131 bir bariyer olu\u015fturur.<\/p><\/li><li><p data-path-to-node=\"3,2,0\"><b data-path-to-node=\"3,2,0\" data-index-in-node=\"0\">Organik ve Temiz \u0130\u00e7erik:<\/b> Kuzey Avrupa bitkileriyle zenginle\u015ftirilmi\u015f, sertifikal\u0131 do\u011fal i\u00e7eri\u011fiyle hassas ciltler i\u00e7in g\u00fcvenli bir kullan\u0131m sunar.<\/p><\/li><li><p data-path-to-node=\"3,3,0\"><b data-path-to-node=\"3,3,0\" data-index-in-node=\"0\">Ya\u011fl\u0131 His B\u0131rakmayan Form\u00fcl:<\/b> Ellerinizi an\u0131nda beslerken g\u00fcnl\u00fck i\u015flerinize ara vermeden devam edebilmeniz i\u00e7in h\u0131zl\u0131ca emilen p\u00fcr\u00fczs\u00fcz bir dokuya sahiptir.<\/p><\/li><\/ul>\n\t\t\t\t\t<\/div>\n\t\t\t\t\t\t<\/div>\n\t\t\t\t<\/div>\n\t\t\t\t\t<\/div>\n\t\t\t\t<\/div>\n\t\t\t\t<\/div>\n\t\t\n    <div class=\"xs_social_share_widget xs_share_url after_content \t\tmain_content  wslu-style-1 wslu-share-box-shaped wslu-fill-colored wslu-none wslu-share-horizontal wslu-theme-font-no wslu-main_content\">\n\n\t\t\n        <ul>\n\t\t\t        <\/ul>\n    <\/div> \n","protected":false},"excerpt":{"rendered":"<p>Do\u011fan\u0131n \u0130yile\u015ftirici G\u00fcc\u00fcyle Ellerinize \u0130peksi Bir Dokunu\u015f. M\u00e1dara Infusion Vert el kremi, ellerinizi d\u0131\u015f etkenlere kar\u015f\u0131 koruyan ve cildi derinlemesine<\/p>\n","protected":false},"featured_media":120,"comment_status":"open","ping_status":"closed","template":"","meta":{"postBodyCss":"","postBodyMargin":[],"postBodyPadding":[],"postBodyBackground":{"backgroundType":"classic","gradient":""}},"product_brand":[225],"product_cat":[214,210],"product_tag":[],"class_list":{"0":"post-90","1":"product","2":"type-product","3":"status-publish","4":"has-post-thumbnail","6":"product_brand-mizon","7":"product_cat-el-bakimi","8":"product_cat-sac-maskeleri","10":"first","11":"instock","12":"shipping-taxable","13":"purchasable","14":"product-type-simple"},"_links":{"self":[{"href":"https:\/\/tema6.depodanmusteriye.com\/index.php\/wp-json\/wp\/v2\/product\/90","targetHints":{"allow":["GET"]}}],"collection":[{"href":"https:\/\/tema6.depodanmusteriye.com\/index.php\/wp-json\/wp\/v2\/product"}],"about":[{"href":"https:\/\/tema6.depodanmusteriye.com\/index.php\/wp-json\/wp\/v2\/types\/product"}],"replies":[{"embeddable":true,"href":"https:\/\/tema6.depodanmusteriye.com\/index.php\/wp-json\/wp\/v2\/comments?post=90"}],"version-history":[{"count":4,"href":"https:\/\/tema6.depodanmusteriye.com\/index.php\/wp-json\/wp\/v2\/product\/90\/revisions"}],"predecessor-version":[{"id":17006,"href":"https:\/\/tema6.depodanmusteriye.com\/index.php\/wp-json\/wp\/v2\/product\/90\/revisions\/17006"}],"wp:featuredmedia":[{"embeddable":true,"href":"https:\/\/tema6.depodanmusteriye.com\/index.php\/wp-json\/wp\/v2\/media\/120"}],"wp:attachment":[{"href":"https:\/\/tema6.depodanmusteriye.com\/index.php\/wp-json\/wp\/v2\/media?parent=90"}],"wp:term":[{"taxonomy":"product_brand","embeddable":true,"href":"https:\/\/tema6.depodanmusteriye.com\/index.php\/wp-json\/wp\/v2\/product_brand?post=90"},{"taxonomy":"product_cat","embeddable":true,"href":"https:\/\/tema6.depodanmusteriye.com\/index.php\/wp-json\/wp\/v2\/product_cat?post=90"},{"taxonomy":"product_tag","embeddable":true,"href":"https:\/\/tema6.depodanmusteriye.com\/index.php\/wp-json\/wp\/v2\/product_tag?post=90"}],"curies":[{"name":"wp","href":"https:\/\/api.w.org\/{rel}","templated":true}]}}