{"id":91,"date":"2024-10-25T11:07:00","date_gmt":"2024-10-25T11:07:00","guid":{"rendered":"https:\/\/dummy.xtemos.com\/woodmart2\/makeup-elementor\/?post_type=product&#038;p=91"},"modified":"2026-03-18T21:44:00","modified_gmt":"2026-03-18T21:44:00","slug":"dry-foot-cream-100ml","status":"publish","type":"product","link":"https:\/\/tema6.depodanmusteriye.com\/index.php\/urun\/dry-foot-cream-100ml\/","title":{"rendered":"Neutrogena Nourishing Foot Cream \u2013 Bisabolol \u0130\u00e7erikli Yo\u011fun Nemlendirici ve Onar\u0131c\u0131 Ayak Kremi"},"content":{"rendered":"\t\t<div data-elementor-type=\"wp-post\" data-elementor-id=\"91\" class=\"elementor elementor-91\">\n\t\t\t\t<div class=\"wd-negative-gap elementor-element elementor-element-6c18783 e-flex e-con-boxed e-con e-parent\" data-id=\"6c18783\" data-element_type=\"container\">\n\t\t\t\t\t<div class=\"e-con-inner\">\n\t\t\t\t<div class=\"elementor-element elementor-element-06b2dd7 elementor-widget elementor-widget-wd_text_block\" data-id=\"06b2dd7\" data-element_type=\"widget\" data-widget_type=\"wd_text_block.default\">\n\t\t\t\t<div class=\"elementor-widget-container\">\n\t\t\t\t\t\t\t<div class=\"wd-text-block reset-last-child text-left\">\n\t\t\t\n\t\t\t<p data-path-to-node=\"2\"><b data-path-to-node=\"2\" data-index-in-node=\"0\">Sertle\u015fmi\u015f ve Kuru Ayaklar \u0130\u00e7in 24 Saat S\u00fcren An\u0131nda Rahatlama.<\/b> Neutrogena Norve\u00e7 Form\u00fcl\u00fc\u00ae ayak kremi, dermatologlarla birlikte geli\u015ftirilen \u00f6zel i\u00e7eri\u011fi sayesinde en kuru ve sertle\u015fmi\u015f ayaklar\u0131 bile an\u0131nda yumu\u015fatmak i\u00e7in tasarlanm\u0131\u015ft\u0131r. \u0130\u00e7eri\u011findeki yat\u0131\u015ft\u0131r\u0131c\u0131 Bisabolol ve yo\u011fun nemlendirici bile\u015fenler, cildin derinliklerine n\u00fcfuz ederek \u00e7atlam\u0131\u015f b\u00f6lgeleri onar\u0131r ve cildi besler. Hafif ve h\u0131zl\u0131 emilen yap\u0131s\u0131 sayesinde ayaklarda ya\u011fl\u0131 bir his b\u0131rakmadan g\u00fcn boyu s\u00fcren p\u00fcr\u00fczs\u00fczl\u00fck sa\u011flar.<\/p><ul data-path-to-node=\"3\"><li><p data-path-to-node=\"3,0,0\"><b data-path-to-node=\"3,0,0\" data-index-in-node=\"0\">Bisabolol Yat\u0131\u015ft\u0131r\u0131c\u0131 Etki:<\/b> Cildi sakinle\u015ftirir ve kuruluk kaynakl\u0131 hassasiyeti gidererek ayaklar\u0131n\u0131za an\u0131nda konfor kazand\u0131r\u0131r.<\/p><\/li><li><p data-path-to-node=\"3,1,0\"><b data-path-to-node=\"3,1,0\" data-index-in-node=\"0\">24 Saat Nem Koruma:<\/b> Yo\u011fun hidrasyon teknolojisi ile cildin nem bariyerini g\u00fc\u00e7lendirir ve sertle\u015fmi\u015f deri olu\u015fumunu \u00f6nlemeye yard\u0131mc\u0131 olur.<\/p><\/li><li><p data-path-to-node=\"3,2,0\"><b data-path-to-node=\"3,2,0\" data-index-in-node=\"0\">Norve\u00e7 Form\u00fcl\u00fc\u00ae G\u00fcc\u00fc:<\/b> Zorlu hava ve \u00e7evre ko\u015fullar\u0131na kar\u015f\u0131 cildi koruyan klasikle\u015fmi\u015f ve g\u00fcvenilir onar\u0131c\u0131 etki.<\/p><\/li><li><p data-path-to-node=\"3,3,0\"><b data-path-to-node=\"3,3,0\" data-index-in-node=\"0\">H\u0131zl\u0131 Emilen Doku:<\/b> Ayakkab\u0131 giymeden hemen \u00f6nce uygulanabilecek kadar h\u0131zl\u0131 emilir, ciltte kayganl\u0131k b\u0131rakmaz.<\/p><\/li><\/ul>\n\t\t\t\t\t<\/div>\n\t\t\t\t\t\t<\/div>\n\t\t\t\t<\/div>\n\t\t\t\t\t<\/div>\n\t\t\t\t<\/div>\n\t\t\t\t<\/div>\n\t\t\n    <div class=\"xs_social_share_widget xs_share_url after_content \t\tmain_content  wslu-style-1 wslu-share-box-shaped wslu-fill-colored wslu-none wslu-share-horizontal wslu-theme-font-no wslu-main_content\">\n\n\t\t\n        <ul>\n\t\t\t        <\/ul>\n    <\/div> \n","protected":false},"excerpt":{"rendered":"<p>Sertle\u015fmi\u015f ve Kuru Ayaklar \u0130\u00e7in 24 Saat S\u00fcren An\u0131nda Rahatlama. Neutrogena Norve\u00e7 Form\u00fcl\u00fc\u00ae ayak kremi, dermatologlarla birlikte geli\u015ftirilen \u00f6zel i\u00e7eri\u011fi<\/p>\n","protected":false},"featured_media":121,"comment_status":"open","ping_status":"closed","template":"","meta":{"postBodyCss":"","postBodyMargin":[],"postBodyPadding":[],"postBodyBackground":{"backgroundType":"classic","gradient":""}},"product_brand":[229],"product_cat":[215,206],"product_tag":[],"class_list":{"0":"post-91","1":"product","2":"type-product","3":"status-publish","4":"has-post-thumbnail","6":"product_brand-uriage","7":"product_cat-ayak-bakimi","8":"product_cat-sac-derisi-bakimi","10":"first","11":"instock","12":"sale","13":"shipping-taxable","14":"purchasable","15":"product-type-simple"},"_links":{"self":[{"href":"https:\/\/tema6.depodanmusteriye.com\/index.php\/wp-json\/wp\/v2\/product\/91","targetHints":{"allow":["GET"]}}],"collection":[{"href":"https:\/\/tema6.depodanmusteriye.com\/index.php\/wp-json\/wp\/v2\/product"}],"about":[{"href":"https:\/\/tema6.depodanmusteriye.com\/index.php\/wp-json\/wp\/v2\/types\/product"}],"replies":[{"embeddable":true,"href":"https:\/\/tema6.depodanmusteriye.com\/index.php\/wp-json\/wp\/v2\/comments?post=91"}],"version-history":[{"count":4,"href":"https:\/\/tema6.depodanmusteriye.com\/index.php\/wp-json\/wp\/v2\/product\/91\/revisions"}],"predecessor-version":[{"id":17010,"href":"https:\/\/tema6.depodanmusteriye.com\/index.php\/wp-json\/wp\/v2\/product\/91\/revisions\/17010"}],"wp:featuredmedia":[{"embeddable":true,"href":"https:\/\/tema6.depodanmusteriye.com\/index.php\/wp-json\/wp\/v2\/media\/121"}],"wp:attachment":[{"href":"https:\/\/tema6.depodanmusteriye.com\/index.php\/wp-json\/wp\/v2\/media?parent=91"}],"wp:term":[{"taxonomy":"product_brand","embeddable":true,"href":"https:\/\/tema6.depodanmusteriye.com\/index.php\/wp-json\/wp\/v2\/product_brand?post=91"},{"taxonomy":"product_cat","embeddable":true,"href":"https:\/\/tema6.depodanmusteriye.com\/index.php\/wp-json\/wp\/v2\/product_cat?post=91"},{"taxonomy":"product_tag","embeddable":true,"href":"https:\/\/tema6.depodanmusteriye.com\/index.php\/wp-json\/wp\/v2\/product_tag?post=91"}],"curies":[{"name":"wp","href":"https:\/\/api.w.org\/{rel}","templated":true}]}}