{"id":96,"date":"2024-10-25T11:07:00","date_gmt":"2024-10-25T11:07:00","guid":{"rendered":"https:\/\/dummy.xtemos.com\/woodmart2\/makeup-elementor\/?post_type=product&#038;p=96"},"modified":"2026-03-18T21:48:35","modified_gmt":"2026-03-18T21:48:35","slug":"tinted-super-serum-spf30","status":"publish","type":"product","link":"https:\/\/tema6.depodanmusteriye.com\/index.php\/urun\/tinted-super-serum-spf30\/","title":{"rendered":"Bali Body Tinted Super Serum \u2013 SPF 30 Korumal\u0131 Ayd\u0131nlat\u0131c\u0131 Renkli Serum"},"content":{"rendered":"\t\t<div data-elementor-type=\"wp-post\" data-elementor-id=\"96\" class=\"elementor elementor-96\">\n\t\t\t\t<div class=\"wd-negative-gap elementor-element elementor-element-da662c4 e-flex e-con-boxed e-con e-parent\" data-id=\"da662c4\" data-element_type=\"container\">\n\t\t\t\t\t<div class=\"e-con-inner\">\n\t\t\t\t<div class=\"elementor-element elementor-element-4c28fd4 elementor-widget elementor-widget-wd_text_block\" data-id=\"4c28fd4\" data-element_type=\"widget\" data-widget_type=\"wd_text_block.default\">\n\t\t\t\t<div class=\"elementor-widget-container\">\n\t\t\t\t\t\t\t<div class=\"wd-text-block reset-last-child text-left\">\n\t\t\t\n\t\t\t<p data-path-to-node=\"2\"><b data-path-to-node=\"2\" data-index-in-node=\"0\">Hem Bak\u0131m Hem Makyaj: Cildiniz \u0130\u00e7in G\u00fcne\u015ften Koruyan Do\u011fal Bir I\u015f\u0131lt\u0131.<\/b> Bali Body Tinted Super Serum, cildinizi hem g\u00fcne\u015fin zararl\u0131 etkilerinden koruyan hem de an\u0131nda daha p\u00fcr\u00fczs\u00fcz ve \u0131\u015f\u0131lt\u0131l\u0131 g\u00f6r\u00fcnmesini sa\u011flayan hepsi bir arada bir g\u00fczellik iksiridir. Ultra hafif yap\u0131s\u0131yla ciltle m\u00fckemmel bir \u015fekilde b\u00fct\u00fcnle\u015fen bu serum, a\u011f\u0131r makyaj hissi yaratmadan cilt tonunu e\u015fitler ve cilde sa\u011fl\u0131kl\u0131, nemli bir biti\u015f kazand\u0131r\u0131r. \u0130\u00e7eri\u011findeki zengin bile\u015fenlerle cildi g\u00fcn boyu beslerken, g\u00fcnl\u00fck g\u00fcne\u015f korumas\u0131 ihtiyac\u0131n\u0131z\u0131 da kar\u015f\u0131lar.<\/p><ul data-path-to-node=\"3\"><li><p data-path-to-node=\"3,0,0\"><b data-path-to-node=\"3,0,0\" data-index-in-node=\"0\">SPF 30 Geni\u015f Spektrumlu Koruma:<\/b> UVA ve UVB \u0131\u015f\u0131nlar\u0131na kar\u015f\u0131 etkili koruma sa\u011flayarak g\u00fcne\u015f kaynakl\u0131 erken ya\u015flanma belirtilerini \u00f6nlemeye yard\u0131mc\u0131 olur.<\/p><\/li><li><p data-path-to-node=\"3,1,0\"><b data-path-to-node=\"3,1,0\" data-index-in-node=\"0\">Hafif Renkli Kapat\u0131c\u0131l\u0131k:<\/b> Cilt kusurlar\u0131n\u0131 do\u011fal bir \u015fekilde gizler, \"yok gibi\" makyaj (no-makeup makeup) g\u00f6r\u00fcn\u00fcm\u00fc i\u00e7in kusursuz bir zemin haz\u0131rlar.<\/p><\/li><li><p data-path-to-node=\"3,2,0\"><b data-path-to-node=\"3,2,0\" data-index-in-node=\"0\">Nemlendirici ve Ayd\u0131nlat\u0131c\u0131 Form\u00fcl:<\/b> Cildin nem dengesini korur ve do\u011fal bir \u0131\u015f\u0131lt\u0131 vererek cildin daha taze ve canl\u0131 g\u00f6r\u00fcnmesini sa\u011flar.<\/p><\/li><li><p data-path-to-node=\"3,3,0\"><b data-path-to-node=\"3,3,0\" data-index-in-node=\"0\">Ak\u0131\u015fkan ve Kolay Uygulanan Doku:<\/b> Parmak u\u00e7lar\u0131yla bile saniyeler i\u00e7inde da\u011f\u0131t\u0131labilen, ciltte a\u011f\u0131rl\u0131k yapmayan ipeksi yap\u0131.<\/p><\/li><\/ul>\n\t\t\t\t\t<\/div>\n\t\t\t\t\t\t<\/div>\n\t\t\t\t<\/div>\n\t\t\t\t\t<\/div>\n\t\t\t\t<\/div>\n\t\t\t\t<\/div>\n\t\t\n    <div class=\"xs_social_share_widget xs_share_url after_content \t\tmain_content  wslu-style-1 wslu-share-box-shaped wslu-fill-colored wslu-none wslu-share-horizontal wslu-theme-font-no wslu-main_content\">\n\n\t\t\n        <ul>\n\t\t\t        <\/ul>\n    <\/div> \n","protected":false},"excerpt":{"rendered":"<p>Hem Bak\u0131m Hem Makyaj: Cildiniz \u0130\u00e7in G\u00fcne\u015ften Koruyan Do\u011fal Bir I\u015f\u0131lt\u0131. Bali Body Tinted Super Serum, cildinizi hem g\u00fcne\u015fin zararl\u0131<\/p>\n","protected":false},"featured_media":125,"comment_status":"open","ping_status":"closed","template":"","meta":{"postBodyCss":"","postBodyMargin":[],"postBodyPadding":[],"postBodyBackground":{"backgroundType":"classic","gradient":""}},"product_brand":[223],"product_cat":[201,217],"product_tag":[],"class_list":{"0":"post-96","1":"product","2":"type-product","3":"status-publish","4":"has-post-thumbnail","6":"product_brand-caudalie","7":"product_cat-kremler-cilt-bakimi","8":"product_cat-yuz","10":"first","11":"instock","12":"shipping-taxable","13":"purchasable","14":"product-type-variable"},"_links":{"self":[{"href":"https:\/\/tema6.depodanmusteriye.com\/index.php\/wp-json\/wp\/v2\/product\/96","targetHints":{"allow":["GET"]}}],"collection":[{"href":"https:\/\/tema6.depodanmusteriye.com\/index.php\/wp-json\/wp\/v2\/product"}],"about":[{"href":"https:\/\/tema6.depodanmusteriye.com\/index.php\/wp-json\/wp\/v2\/types\/product"}],"replies":[{"embeddable":true,"href":"https:\/\/tema6.depodanmusteriye.com\/index.php\/wp-json\/wp\/v2\/comments?post=96"}],"version-history":[{"count":4,"href":"https:\/\/tema6.depodanmusteriye.com\/index.php\/wp-json\/wp\/v2\/product\/96\/revisions"}],"predecessor-version":[{"id":17018,"href":"https:\/\/tema6.depodanmusteriye.com\/index.php\/wp-json\/wp\/v2\/product\/96\/revisions\/17018"}],"wp:featuredmedia":[{"embeddable":true,"href":"https:\/\/tema6.depodanmusteriye.com\/index.php\/wp-json\/wp\/v2\/media\/125"}],"wp:attachment":[{"href":"https:\/\/tema6.depodanmusteriye.com\/index.php\/wp-json\/wp\/v2\/media?parent=96"}],"wp:term":[{"taxonomy":"product_brand","embeddable":true,"href":"https:\/\/tema6.depodanmusteriye.com\/index.php\/wp-json\/wp\/v2\/product_brand?post=96"},{"taxonomy":"product_cat","embeddable":true,"href":"https:\/\/tema6.depodanmusteriye.com\/index.php\/wp-json\/wp\/v2\/product_cat?post=96"},{"taxonomy":"product_tag","embeddable":true,"href":"https:\/\/tema6.depodanmusteriye.com\/index.php\/wp-json\/wp\/v2\/product_tag?post=96"}],"curies":[{"name":"wp","href":"https:\/\/api.w.org\/{rel}","templated":true}]}}